{"id":1739,"date":"2023-05-12T06:49:36","date_gmt":"2023-05-12T06:49:36","guid":{"rendered":"https:\/\/wegele-immobilien.de\/?page_id=1739"},"modified":"2023-07-03T13:57:56","modified_gmt":"2023-07-03T13:57:56","slug":"feedback","status":"publish","type":"page","link":"https:\/\/wegele-immobilien.de\/fr\/feedback","title":{"rendered":"Feedback"},"content":{"rendered":"<div data-elementor-type=\"wp-page\" data-elementor-id=\"1739\" class=\"elementor elementor-1739\">\n\t\t\t\t\t\t<section class=\"elementor-section elementor-top-section elementor-element elementor-element-8fdf537 elementor-section-height-min-height elementor-section-boxed elementor-section-height-default elementor-section-items-middle\" data-id=\"8fdf537\" data-element_type=\"section\" data-e-type=\"section\" data-settings=\"{&quot;background_background&quot;:&quot;classic&quot;}\">\n\t\t\t\t\t\t\t<div class=\"elementor-background-overlay\"><\/div>\n\t\t\t\t\t\t\t<div class=\"elementor-container elementor-column-gap-default\">\n\t\t\t\t\t<div class=\"elementor-column elementor-col-100 elementor-top-column elementor-element elementor-element-e2e421d\" data-id=\"e2e421d\" data-element_type=\"column\" data-e-type=\"column\">\n\t\t\t<div class=\"elementor-widget-wrap elementor-element-populated\">\n\t\t\t\t\t\t<div class=\"elementor-element elementor-element-b52095b elementor-widget elementor-widget-heading\" data-id=\"b52095b\" data-element_type=\"widget\" data-e-type=\"widget\" data-widget_type=\"heading.default\">\n\t\t\t\t<div class=\"elementor-widget-container\">\n\t\t\t\t\t<h2 class=\"elementor-heading-title elementor-size-default\">Feedback<\/h2>\t\t\t\t<\/div>\n\t\t\t\t<\/div>\n\t\t\t\t\t<\/div>\n\t\t<\/div>\n\t\t\t\t\t<\/div>\n\t\t<\/section>\n\t\t\t\t<section class=\"elementor-section elementor-top-section elementor-element elementor-element-f964911 elementor-section-boxed elementor-section-height-default elementor-section-height-default\" data-id=\"f964911\" data-element_type=\"section\" data-e-type=\"section\">\n\t\t\t\t\t\t<div class=\"elementor-container elementor-column-gap-default\">\n\t\t\t\t\t<div class=\"elementor-column elementor-col-100 elementor-top-column elementor-element elementor-element-aab2c77\" data-id=\"aab2c77\" data-element_type=\"column\" data-e-type=\"column\">\n\t\t\t<div class=\"elementor-widget-wrap elementor-element-populated\">\n\t\t\t\t\t\t<div class=\"elementor-element elementor-element-ff29d75 elementor-widget elementor-widget-heading\" data-id=\"ff29d75\" data-element_type=\"widget\" data-e-type=\"widget\" data-widget_type=\"heading.default\">\n\t\t\t\t<div class=\"elementor-widget-container\">\n\t\t\t\t\t<h1 class=\"elementor-heading-title elementor-size-default\">Kundenbewertungen von Anastassiya Wegele in Laatzen - Wir freuen uns \u00fcber dein Feedback<\/h1>\t\t\t\t<\/div>\n\t\t\t\t<\/div>\n\t\t\t\t<div class=\"elementor-element elementor-element-f6c4d54 elementor-widget elementor-widget-text-editor\" data-id=\"f6c4d54\" data-element_type=\"widget\" data-e-type=\"widget\" data-widget_type=\"text-editor.default\">\n\t\t\t\t<div class=\"elementor-widget-container\">\n\t\t\t\t\t<p>Neben Faktoren wie Qualifikation und Sympathie sind sicher die Meinungen anderer Kunden eine sehr gute Hilfestellung. Daher ermutige ich all meine Kunden, eine entsprechende Bewertung zu schreiben:<\/p>\n<p>Bewertungen schaffen Transparenz und helfen anderen Menschen, die optimale Beraterin f\u00fcr ihre Bed\u00fcrfnisse und Anforderungen zu finden.<\/p>\n<p><\/p>\n<p>Doch auch f\u00fcr mich selbst sind Kundenbewertungen immens wichtig: Diese helfen mir, meine Arbeit aus Kundensicht einzusch\u00e4tzen und auf die Anforderungen und W\u00fcnsche meiner Kunden besser einzugehen. Nur mithilfe Ihres Feedbacks kann ich mich immer weiter verbessern und meinen Service immer st\u00e4rker an Ihnen ausrichten!<\/p>\n<p><\/p>\n<p>Ich freue mich, dass ich bisher fast immer deutlich \u00fcberdurchschnittlich gute R\u00fcckmeldungen von Kunden erhalten habe und doch m\u00f6chte ich mich hierauf nicht ausruhen! Vielmehr ist es ein Ansporn f\u00fcr mich, weiterhin meiner Beratungsphilosophie treu zu bleiben und meinen Kunden auch in st\u00fcrmischen Zeiten verl\u00e4sslich zur Seite zu stehen.<\/p>\n<p><\/p>\n<p>Sollten Sie aktuell auf der Suche nach einer professionellen Finanzberaterin oder Immobilienmaklerin sein, so verschaffen Sie sich weiter unten gerne einen Eindruck durch die Feedbacks bestehender und ehemaliger Kunden.<\/p>\n<p><\/p>\n<p>Sollten wir bereits zusammenarbeiten, so nehmen Sie sich doch bitte 5 Minuten Zeit und hinterlassen Sie eine Bewertung. Vielen Dank!<\/p>\t\t\t\t<\/div>\n\t\t\t\t<\/div>\n\t\t\t\t\t<\/div>\n\t\t<\/div>\n\t\t\t\t\t<\/div>\n\t\t<\/section>\n\t\t\t\t<section class=\"elementor-section elementor-top-section elementor-element elementor-element-7b9ea055 elementor-section-boxed elementor-section-height-default elementor-section-height-default\" data-id=\"7b9ea055\" data-element_type=\"section\" data-e-type=\"section\" id=\"kontakt\" data-settings=\"{&quot;background_background&quot;:&quot;classic&quot;}\">\n\t\t\t\t\t\t\t<div class=\"elementor-background-overlay\"><\/div>\n\t\t\t\t\t\t\t<div class=\"elementor-container elementor-column-gap-default\">\n\t\t\t\t\t<div class=\"elementor-column elementor-col-100 elementor-top-column elementor-element elementor-element-634b81a6\" data-id=\"634b81a6\" data-element_type=\"column\" data-e-type=\"column\">\n\t\t\t<div class=\"elementor-widget-wrap elementor-element-populated\">\n\t\t\t\t\t\t<div class=\"elementor-element elementor-element-53bc8a2a elementor-widget elementor-widget-heading\" data-id=\"53bc8a2a\" data-element_type=\"widget\" data-e-type=\"widget\" data-widget_type=\"heading.default\">\n\t\t\t\t<div class=\"elementor-widget-container\">\n\t\t\t\t\t<h2 class=\"elementor-heading-title elementor-size-default\">Jetzt bewerten!<\/h2>\t\t\t\t<\/div>\n\t\t\t\t<\/div>\n\t\t\t\t<div class=\"elementor-element elementor-element-7a1d7a7a elementor-widget-mobile__width-inherit elementor-widget elementor-widget-form\" data-id=\"7a1d7a7a\" data-element_type=\"widget\" data-e-type=\"widget\" data-widget_type=\"form.default\">\n\t\t\t\t<div class=\"elementor-widget-container\">\n\t\t\t\t\t\t\t\t\t<\/div>\n\t\t\t\t<\/div>\n\t\t\t\t\t<\/div>\n\t\t<\/div>\n\t\t\t\t\t<\/div>\n\t\t<\/section>\n\t\t\t\t<\/div>","protected":false},"excerpt":{"rendered":"<p>Feedback Kundenbewertungen von Anastassiya Wegele in Laatzen &#8211; Wir freuen uns \u00fcber dein Feedback Neben Faktoren wie Qualifikation und Sympathie sind sicher die Meinungen anderer Kunden eine sehr gute Hilfestellung. Daher ermutige ich all meine Kunden, eine entsprechende Bewertung zu schreiben: Bewertungen schaffen Transparenz und helfen anderen Menschen, die optimale Beraterin f\u00fcr ihre Bed\u00fcrfnisse und [&hellip;]<\/p>\n","protected":false},"author":2,"featured_media":0,"parent":0,"menu_order":0,"comment_status":"closed","ping_status":"closed","template":"","meta":{"footnotes":""},"class_list":["post-1739","page","type-page","status-publish","hentry"],"yoast_head":"<!-- This site is optimized with the Yoast SEO plugin v27.4 - https:\/\/yoast.com\/product\/yoast-seo-wordpress\/ -->\n<title>Feedback Anastassiya Wegele<\/title>\n<meta name=\"description\" content=\"Kundenbewertungen von Anastassiya Wegele in Laatzen - Wir freuen uns \u00fcber dein Feedback.\" \/>\n<meta name=\"robots\" content=\"index, follow, max-snippet:-1, max-image-preview:large, max-video-preview:-1\" \/>\n<link rel=\"canonical\" href=\"https:\/\/wegele-immobilien.de\/fr\/feedback\/\" \/>\n<meta property=\"og:locale\" content=\"fr_FR\" \/>\n<meta property=\"og:type\" content=\"article\" \/>\n<meta property=\"og:title\" content=\"Feedback Anastassiya Wegele\" \/>\n<meta property=\"og:description\" content=\"Kundenbewertungen von Anastassiya Wegele in Laatzen - Wir freuen uns \u00fcber dein Feedback.\" \/>\n<meta property=\"og:url\" content=\"https:\/\/wegele-immobilien.de\/fr\/feedback\/\" \/>\n<meta property=\"og:site_name\" content=\"WordPress\" \/>\n<meta property=\"article:modified_time\" content=\"2023-07-03T13:57:56+00:00\" \/>\n<meta name=\"twitter:card\" content=\"summary_large_image\" \/>\n<meta name=\"twitter:label1\" content=\"Dur\u00e9e de lecture estim\u00e9e\" \/>\n\t<meta name=\"twitter:data1\" content=\"2 minutes\" \/>\n<script type=\"application\/ld+json\" class=\"yoast-schema-graph\">{\"@context\":\"https:\\\/\\\/schema.org\",\"@graph\":[{\"@type\":\"WebPage\",\"@id\":\"https:\\\/\\\/wegele-immobilien.de\\\/feedback\",\"url\":\"https:\\\/\\\/wegele-immobilien.de\\\/feedback\",\"name\":\"Feedback Anastassiya Wegele\",\"isPartOf\":{\"@id\":\"https:\\\/\\\/wegele-immobilien.de\\\/#website\"},\"datePublished\":\"2023-05-12T06:49:36+00:00\",\"dateModified\":\"2023-07-03T13:57:56+00:00\",\"description\":\"Kundenbewertungen von Anastassiya Wegele in Laatzen - Wir freuen uns \u00fcber dein Feedback.\",\"breadcrumb\":{\"@id\":\"https:\\\/\\\/wegele-immobilien.de\\\/feedback#breadcrumb\"},\"inLanguage\":\"fr-FR\",\"potentialAction\":[{\"@type\":\"ReadAction\",\"target\":[\"https:\\\/\\\/wegele-immobilien.de\\\/feedback\"]}]},{\"@type\":\"BreadcrumbList\",\"@id\":\"https:\\\/\\\/wegele-immobilien.de\\\/feedback#breadcrumb\",\"itemListElement\":[{\"@type\":\"ListItem\",\"position\":1,\"name\":\"Startseite\",\"item\":\"https:\\\/\\\/wegele-immobilien.de\\\/\"},{\"@type\":\"ListItem\",\"position\":2,\"name\":\"Feedback\"}]},{\"@type\":\"WebSite\",\"@id\":\"https:\\\/\\\/wegele-immobilien.de\\\/#website\",\"url\":\"https:\\\/\\\/wegele-immobilien.de\\\/\",\"name\":\"WordPress\",\"description\":\"Just another WordPress site\",\"publisher\":{\"@id\":\"https:\\\/\\\/wegele-immobilien.de\\\/#organization\"},\"potentialAction\":[{\"@type\":\"SearchAction\",\"target\":{\"@type\":\"EntryPoint\",\"urlTemplate\":\"https:\\\/\\\/wegele-immobilien.de\\\/?s={search_term_string}\"},\"query-input\":{\"@type\":\"PropertyValueSpecification\",\"valueRequired\":true,\"valueName\":\"search_term_string\"}}],\"inLanguage\":\"fr-FR\"},{\"@type\":\"Organization\",\"@id\":\"https:\\\/\\\/wegele-immobilien.de\\\/#organization\",\"name\":\"WordPress\",\"url\":\"https:\\\/\\\/wegele-immobilien.de\\\/\",\"logo\":{\"@type\":\"ImageObject\",\"inLanguage\":\"fr-FR\",\"@id\":\"https:\\\/\\\/wegele-immobilien.de\\\/#\\\/schema\\\/logo\\\/image\\\/\",\"url\":\"https:\\\/\\\/wegele-immobilien.de\\\/wp-content\\\/uploads\\\/Logo_-1.png\",\"contentUrl\":\"https:\\\/\\\/wegele-immobilien.de\\\/wp-content\\\/uploads\\\/Logo_-1.png\",\"width\":2911,\"height\":1220,\"caption\":\"WordPress\"},\"image\":{\"@id\":\"https:\\\/\\\/wegele-immobilien.de\\\/#\\\/schema\\\/logo\\\/image\\\/\"}}]}<\/script>\n<!-- \/ Yoast SEO plugin. -->","yoast_head_json":{"title":"Feedback Anastassiya Wegele","description":"Kundenbewertungen von Anastassiya Wegele in Laatzen - Wir freuen uns \u00fcber dein Feedback.","robots":{"index":"index","follow":"follow","max-snippet":"max-snippet:-1","max-image-preview":"max-image-preview:large","max-video-preview":"max-video-preview:-1"},"canonical":"https:\/\/wegele-immobilien.de\/fr\/feedback\/","og_locale":"fr_FR","og_type":"article","og_title":"Feedback Anastassiya Wegele","og_description":"Kundenbewertungen von Anastassiya Wegele in Laatzen - Wir freuen uns \u00fcber dein Feedback.","og_url":"https:\/\/wegele-immobilien.de\/fr\/feedback\/","og_site_name":"WordPress","article_modified_time":"2023-07-03T13:57:56+00:00","twitter_card":"summary_large_image","twitter_misc":{"Dur\u00e9e de lecture estim\u00e9e":"2 minutes"},"schema":{"@context":"https:\/\/schema.org","@graph":[{"@type":"WebPage","@id":"https:\/\/wegele-immobilien.de\/feedback","url":"https:\/\/wegele-immobilien.de\/feedback","name":"Feedback Anastassiya Wegele","isPartOf":{"@id":"https:\/\/wegele-immobilien.de\/#website"},"datePublished":"2023-05-12T06:49:36+00:00","dateModified":"2023-07-03T13:57:56+00:00","description":"Kundenbewertungen von Anastassiya Wegele in Laatzen - Wir freuen uns \u00fcber dein Feedback.","breadcrumb":{"@id":"https:\/\/wegele-immobilien.de\/feedback#breadcrumb"},"inLanguage":"fr-FR","potentialAction":[{"@type":"ReadAction","target":["https:\/\/wegele-immobilien.de\/feedback"]}]},{"@type":"BreadcrumbList","@id":"https:\/\/wegele-immobilien.de\/feedback#breadcrumb","itemListElement":[{"@type":"ListItem","position":1,"name":"Startseite","item":"https:\/\/wegele-immobilien.de\/"},{"@type":"ListItem","position":2,"name":"Feedback"}]},{"@type":"WebSite","@id":"https:\/\/wegele-immobilien.de\/#website","url":"https:\/\/wegele-immobilien.de\/","name":"WordPress","description":"Just another WordPress site","publisher":{"@id":"https:\/\/wegele-immobilien.de\/#organization"},"potentialAction":[{"@type":"SearchAction","target":{"@type":"EntryPoint","urlTemplate":"https:\/\/wegele-immobilien.de\/?s={search_term_string}"},"query-input":{"@type":"PropertyValueSpecification","valueRequired":true,"valueName":"search_term_string"}}],"inLanguage":"fr-FR"},{"@type":"Organization","@id":"https:\/\/wegele-immobilien.de\/#organization","name":"WordPress","url":"https:\/\/wegele-immobilien.de\/","logo":{"@type":"ImageObject","inLanguage":"fr-FR","@id":"https:\/\/wegele-immobilien.de\/#\/schema\/logo\/image\/","url":"https:\/\/wegele-immobilien.de\/wp-content\/uploads\/Logo_-1.png","contentUrl":"https:\/\/wegele-immobilien.de\/wp-content\/uploads\/Logo_-1.png","width":2911,"height":1220,"caption":"WordPress"},"image":{"@id":"https:\/\/wegele-immobilien.de\/#\/schema\/logo\/image\/"}}]}},"_links":{"self":[{"href":"https:\/\/wegele-immobilien.de\/fr\/wp-json\/wp\/v2\/pages\/1739","targetHints":{"allow":["GET"]}}],"collection":[{"href":"https:\/\/wegele-immobilien.de\/fr\/wp-json\/wp\/v2\/pages"}],"about":[{"href":"https:\/\/wegele-immobilien.de\/fr\/wp-json\/wp\/v2\/types\/page"}],"author":[{"embeddable":true,"href":"https:\/\/wegele-immobilien.de\/fr\/wp-json\/wp\/v2\/users\/2"}],"replies":[{"embeddable":true,"href":"https:\/\/wegele-immobilien.de\/fr\/wp-json\/wp\/v2\/comments?post=1739"}],"version-history":[{"count":0,"href":"https:\/\/wegele-immobilien.de\/fr\/wp-json\/wp\/v2\/pages\/1739\/revisions"}],"wp:attachment":[{"href":"https:\/\/wegele-immobilien.de\/fr\/wp-json\/wp\/v2\/media?parent=1739"}],"curies":[{"name":"wp","href":"https:\/\/api.w.org\/{rel}","templated":true}]}}