{"id":2,"date":"2022-01-24T08:40:39","date_gmt":"2022-01-24T08:40:39","guid":{"rendered":"https:\/\/wegele-immobilien.de\/?page_id=2"},"modified":"2023-04-24T06:55:09","modified_gmt":"2023-04-24T06:55:09","slug":"willkommen","status":"publish","type":"page","link":"https:\/\/wegele-immobilien.de\/fr\/","title":{"rendered":"Willkommen"},"content":{"rendered":"<div data-elementor-type=\"wp-page\" data-elementor-id=\"2\" class=\"elementor elementor-2\">\n\t\t\t\t\t\t<section class=\"elementor-section elementor-top-section elementor-element elementor-element-4a5f841 elementor-section-height-min-height elementor-section-boxed elementor-section-height-default elementor-section-items-middle\" data-id=\"4a5f841\" data-element_type=\"section\" data-e-type=\"section\" data-settings=\"{&quot;background_background&quot;:&quot;classic&quot;}\">\n\t\t\t\t\t\t<div class=\"elementor-container elementor-column-gap-default\">\n\t\t\t\t\t<div class=\"elementor-column elementor-col-100 elementor-top-column elementor-element elementor-element-25e56f4\" data-id=\"25e56f4\" data-element_type=\"column\" data-e-type=\"column\" data-settings=\"{&quot;background_background&quot;:&quot;classic&quot;}\">\n\t\t\t<div class=\"elementor-widget-wrap elementor-element-populated\">\n\t\t\t\t\t\t<div class=\"elementor-element elementor-element-abef5fb elementor-widget elementor-widget-image-box\" data-id=\"abef5fb\" data-element_type=\"widget\" data-e-type=\"widget\" data-widget_type=\"image-box.default\">\n\t\t\t\t<div class=\"elementor-widget-container\">\n\t\t\t\t\t<div class=\"elementor-image-box-wrapper\"><div class=\"elementor-image-box-content\"><h1 class=\"elementor-image-box-title\">Anastassiya Wegele - Deine Immobilienmaklerin und Finanzberaterin in Laatzen<\/h1><\/div><\/div>\t\t\t\t<\/div>\n\t\t\t\t<\/div>\n\t\t\t\t<div class=\"elementor-element elementor-element-d0d9dfb elementor-align-center elementor-widget__width-auto elementor-widget-mobile__width-auto elementor-widget elementor-widget-button\" data-id=\"d0d9dfb\" data-element_type=\"widget\" data-e-type=\"widget\" data-widget_type=\"button.default\">\n\t\t\t\t<div class=\"elementor-widget-container\">\n\t\t\t\t\t<div class=\"elementor-button-wrapper\">\n\t\t\t\t\t<a class=\"elementor-button elementor-button-link elementor-size-sm\" href=\"\/kontakt\">\n\t\t\t\t\t\t<span class=\"elementor-button-content-wrapper\">\n\t\t\t\t\t\t<span class=\"elementor-button-icon\">\n\t\t\t\t<i aria-hidden=\"true\" class=\"far fa-comments\"><\/i>\t\t\t<\/span>\n\t\t\t\t\t\t\t\t\t<span class=\"elementor-button-text\">Jetzt Anfrage stellen<\/span>\n\t\t\t\t\t<\/span>\n\t\t\t\t\t<\/a>\n\t\t\t\t<\/div>\t\t\t\t<\/div>\n\t\t\t\t<\/div>\n\t\t\t\t<div class=\"elementor-element elementor-element-55ed049 elementor-widget__width-auto elementor-align-center elementor-widget-mobile__width-auto elementor-widget elementor-widget-button\" data-id=\"55ed049\" data-element_type=\"widget\" data-e-type=\"widget\" data-widget_type=\"button.default\">\n\t\t\t\t<div class=\"elementor-widget-container\">\n\t\t\t\t\t<div class=\"elementor-button-wrapper\">\n\t\t\t\t\t<a class=\"elementor-button elementor-button-link elementor-size-sm\" href=\"tel:+4951027980068\">\n\t\t\t\t\t\t<span class=\"elementor-button-content-wrapper\">\n\t\t\t\t\t\t<span class=\"elementor-button-icon\">\n\t\t\t\t<i aria-hidden=\"true\" class=\"fas fa-phone-alt\"><\/i>\t\t\t<\/span>\n\t\t\t\t\t\t\t\t\t<span class=\"elementor-button-text\">Jetzt anrufen<\/span>\n\t\t\t\t\t<\/span>\n\t\t\t\t\t<\/a>\n\t\t\t\t<\/div>\t\t\t\t<\/div>\n\t\t\t\t<\/div>\n\t\t\t\t<div class=\"elementor-element elementor-element-0b7ed9e elementor-widget__width-auto elementor-align-center elementor-widget-mobile__width-auto elementor-widget elementor-widget-button\" data-id=\"0b7ed9e\" data-element_type=\"widget\" data-e-type=\"widget\" data-widget_type=\"button.default\">\n\t\t\t\t<div class=\"elementor-widget-container\">\n\t\t\t\t\t<div class=\"elementor-button-wrapper\">\n\t\t\t\t\t<a class=\"elementor-button elementor-button-link elementor-size-sm\" href=\"tel:+491766437779\">\n\t\t\t\t\t\t<span class=\"elementor-button-content-wrapper\">\n\t\t\t\t\t\t<span class=\"elementor-button-icon\">\n\t\t\t\t<i aria-hidden=\"true\" class=\"fas fa-mobile-alt\"><\/i>\t\t\t<\/span>\n\t\t\t\t\t\t\t\t\t<span class=\"elementor-button-text\">Jetzt anrufen<\/span>\n\t\t\t\t\t<\/span>\n\t\t\t\t\t<\/a>\n\t\t\t\t<\/div>\t\t\t\t<\/div>\n\t\t\t\t<\/div>\n\t\t\t\t\t<\/div>\n\t\t<\/div>\n\t\t\t\t\t<\/div>\n\t\t<\/section>\n\t\t\t\t<section class=\"elementor-section elementor-top-section elementor-element elementor-element-a20aa1a elementor-section-boxed elementor-section-height-default elementor-section-height-default elementor-invisible\" data-id=\"a20aa1a\" data-element_type=\"section\" data-e-type=\"section\" id=\"topA\" data-settings=\"{&quot;animation&quot;:&quot;fadeIn&quot;}\">\n\t\t\t\t\t\t<div class=\"elementor-container elementor-column-gap-default\">\n\t\t\t\t\t<div class=\"elementor-column elementor-col-100 elementor-top-column elementor-element elementor-element-30984e3\" data-id=\"30984e3\" data-element_type=\"column\" data-e-type=\"column\">\n\t\t\t<div class=\"elementor-widget-wrap elementor-element-populated\">\n\t\t\t\t\t\t<div class=\"elementor-element elementor-element-f18f44b elementor-position-left elementor-vertical-align-middle elementor-widget elementor-widget-image-box\" data-id=\"f18f44b\" data-element_type=\"widget\" data-e-type=\"widget\" data-widget_type=\"image-box.default\">\n\t\t\t\t<div class=\"elementor-widget-container\">\n\t\t\t\t\t<div class=\"elementor-image-box-wrapper\"><figure class=\"elementor-image-box-img\"><img fetchpriority=\"high\" decoding=\"async\" width=\"2151\" height=\"1394\" src=\"https:\/\/wegele-immobilien.de\/wp-content\/uploads\/iStock-1308235771.jpg\" class=\"elementor-animation-grow attachment-full size-full wp-image-1222\" alt=\"Anastassiya Wegele - Finanzierung und Versicherung in Laatzen\" srcset=\"https:\/\/wegele-immobilien.de\/wp-content\/uploads\/iStock-1308235771.jpg 2151w, https:\/\/wegele-immobilien.de\/wp-content\/uploads\/iStock-1308235771-300x194.jpg 300w, https:\/\/wegele-immobilien.de\/wp-content\/uploads\/iStock-1308235771-1024x664.jpg 1024w, https:\/\/wegele-immobilien.de\/wp-content\/uploads\/iStock-1308235771-768x498.jpg 768w, https:\/\/wegele-immobilien.de\/wp-content\/uploads\/iStock-1308235771-1536x995.jpg 1536w, https:\/\/wegele-immobilien.de\/wp-content\/uploads\/iStock-1308235771-2048x1327.jpg 2048w\" sizes=\"(max-width: 2151px) 100vw, 2151px\" \/><\/figure><div class=\"elementor-image-box-content\"><h2 class=\"elementor-image-box-title\">Dein Partner f\u00fcr Immobilien und Finanzierung<\/h2><p class=\"elementor-image-box-description\">Tr\u00e4umst Du, wie ich vor vielen Jahren, davon, gl\u00fccklich in den eigenen \u201eVier W\u00e4nden\u201c zu leben? Ich helfe Dir gerne, den Traum zu verwirklichen. Sei es durch eine individuelle Finanzierung oder durch Verm\u00f6gensaufbau. Mach den ersten Schritt Deinem Traum entgegen! Lass uns \u00fcber Deine Ziele und W\u00fcnsche sprechen, damit wir gemeinsam den Weg gehen k\u00f6nnen!<\/p><\/div><\/div>\t\t\t\t<\/div>\n\t\t\t\t<\/div>\n\t\t\t\t<div class=\"elementor-element elementor-element-48f7087 elementor-widget elementor-widget-heading\" data-id=\"48f7087\" data-element_type=\"widget\" data-e-type=\"widget\" data-widget_type=\"heading.default\">\n\t\t\t\t<div class=\"elementor-widget-container\">\n\t\t\t\t\t<h3 class=\"elementor-heading-title elementor-size-default\">Mein Motto: Ich betreue meine Kunden bis zum Ziel von A bis W, genau wie mein Name&nbsp;...\nAnastassiya Wegele <br>(XYZ schlie\u00dfe ich nicht aus).\n<\/h3>\t\t\t\t<\/div>\n\t\t\t\t<\/div>\n\t\t\t\t\t<\/div>\n\t\t<\/div>\n\t\t\t\t\t<\/div>\n\t\t<\/section>\n\t\t\t\t<section class=\"elementor-section elementor-top-section elementor-element elementor-element-b054485 elementor-section-boxed elementor-section-height-default elementor-section-height-default elementor-invisible\" data-id=\"b054485\" data-element_type=\"section\" data-e-type=\"section\" data-settings=\"{&quot;animation&quot;:&quot;fadeIn&quot;,&quot;background_background&quot;:&quot;classic&quot;}\">\n\t\t\t\t\t\t<div class=\"elementor-container elementor-column-gap-default\">\n\t\t\t\t\t<div class=\"elementor-column elementor-col-100 elementor-top-column elementor-element elementor-element-3dd415c\" data-id=\"3dd415c\" data-element_type=\"column\" data-e-type=\"column\">\n\t\t\t<div class=\"elementor-widget-wrap elementor-element-populated\">\n\t\t\t\t\t\t<div class=\"elementor-element elementor-element-58f995a elementor-vertical-align-middle elementor-widget elementor-widget-image-box\" data-id=\"58f995a\" data-element_type=\"widget\" data-e-type=\"widget\" data-widget_type=\"image-box.default\">\n\t\t\t\t<div class=\"elementor-widget-container\">\n\t\t\t\t\t<div class=\"elementor-image-box-wrapper\"><div class=\"elementor-image-box-content\"><h2 class=\"elementor-image-box-title\">Du hast noch Fragen? <\/h2><p class=\"elementor-image-box-description\">Dann kontaktiere uns gerne - wir freuen uns auf deine Anfrage. <br><br>\n\nSorge jetzt f\u00fcr deine Zukunft vor!<\/p><\/div><\/div>\t\t\t\t<\/div>\n\t\t\t\t<\/div>\n\t\t\t\t<div class=\"elementor-element elementor-element-57e4cc6 elementor-align-center elementor-widget__width-initial elementor-widget-mobile__width-auto elementor-widget elementor-widget-button\" data-id=\"57e4cc6\" data-element_type=\"widget\" data-e-type=\"widget\" data-widget_type=\"button.default\">\n\t\t\t\t<div class=\"elementor-widget-container\">\n\t\t\t\t\t<div class=\"elementor-button-wrapper\">\n\t\t\t\t\t<a class=\"elementor-button elementor-button-link elementor-size-sm\" href=\"\/kontakt\">\n\t\t\t\t\t\t<span class=\"elementor-button-content-wrapper\">\n\t\t\t\t\t\t<span class=\"elementor-button-icon\">\n\t\t\t\t<i aria-hidden=\"true\" class=\"fas fa-mail-bulk\"><\/i>\t\t\t<\/span>\n\t\t\t\t\t\t\t\t\t<span class=\"elementor-button-text\">Kontaktiere uns<\/span>\n\t\t\t\t\t<\/span>\n\t\t\t\t\t<\/a>\n\t\t\t\t<\/div>\t\t\t\t<\/div>\n\t\t\t\t<\/div>\n\t\t\t\t\t<\/div>\n\t\t<\/div>\n\t\t\t\t\t<\/div>\n\t\t<\/section>\n\t\t\t\t<\/div>","protected":false},"excerpt":{"rendered":"<p>Anastassiya Wegele &#8211; Deine Immobilienmaklerin und Finanzberaterin in Laatzen Jetzt Anfrage stellen Jetzt anrufen Jetzt anrufen Dein Partner f\u00fcr Immobilien und Finanzierung Tr\u00e4umst Du, wie ich vor vielen Jahren, davon, gl\u00fccklich in den eigenen \u201eVier W\u00e4nden\u201c zu leben? Ich helfe Dir gerne, den Traum zu verwirklichen. Sei es durch eine individuelle Finanzierung oder durch Verm\u00f6gensaufbau. [&hellip;]<\/p>\n","protected":false},"author":2,"featured_media":0,"parent":0,"menu_order":0,"comment_status":"closed","ping_status":"open","template":"","meta":{"footnotes":""},"class_list":["post-2","page","type-page","status-publish","hentry"],"yoast_head":"<!-- This site is optimized with the Yoast SEO plugin v27.4 - https:\/\/yoast.com\/product\/yoast-seo-wordpress\/ -->\n<title>Willkommen - WordPress<\/title>\n<meta name=\"description\" content=\"Anastassiya Wegele - Baufinanzierung und Versicherungen in Laatzen. Wir sind dein Partner f\u00fcr Immobilien und Finanzierung.\" \/>\n<meta name=\"robots\" content=\"index, follow, max-snippet:-1, max-image-preview:large, max-video-preview:-1\" \/>\n<link rel=\"canonical\" href=\"https:\/\/wegele-immobilien.de\/fr\/\" \/>\n<meta property=\"og:locale\" content=\"fr_FR\" \/>\n<meta property=\"og:type\" content=\"article\" \/>\n<meta property=\"og:title\" content=\"Willkommen - WordPress\" \/>\n<meta property=\"og:description\" content=\"Anastassiya Wegele - Baufinanzierung und Versicherungen in Laatzen. Wir sind dein Partner f\u00fcr Immobilien und Finanzierung.\" \/>\n<meta property=\"og:url\" content=\"https:\/\/wegele-immobilien.de\/fr\/\" \/>\n<meta property=\"og:site_name\" content=\"WordPress\" \/>\n<meta property=\"article:modified_time\" content=\"2023-04-24T06:55:09+00:00\" \/>\n<meta property=\"og:image\" content=\"https:\/\/wegele-immobilien.de\/wp-content\/uploads\/iStock-1308235771.jpg\" \/>\n<meta name=\"twitter:card\" content=\"summary_large_image\" \/>\n<meta name=\"twitter:label1\" content=\"Dur\u00e9e de lecture estim\u00e9e\" \/>\n\t<meta name=\"twitter:data1\" content=\"1 minute\" \/>\n<script type=\"application\/ld+json\" class=\"yoast-schema-graph\">{\"@context\":\"https:\\\/\\\/schema.org\",\"@graph\":[{\"@type\":\"WebPage\",\"@id\":\"https:\\\/\\\/wegele-immobilien.de\\\/\",\"url\":\"https:\\\/\\\/wegele-immobilien.de\\\/\",\"name\":\"Willkommen - WordPress\",\"isPartOf\":{\"@id\":\"https:\\\/\\\/wegele-immobilien.de\\\/#website\"},\"primaryImageOfPage\":{\"@id\":\"https:\\\/\\\/wegele-immobilien.de\\\/#primaryimage\"},\"image\":{\"@id\":\"https:\\\/\\\/wegele-immobilien.de\\\/#primaryimage\"},\"thumbnailUrl\":\"https:\\\/\\\/wegele-immobilien.de\\\/wp-content\\\/uploads\\\/iStock-1308235771.jpg\",\"datePublished\":\"2022-01-24T08:40:39+00:00\",\"dateModified\":\"2023-04-24T06:55:09+00:00\",\"description\":\"Anastassiya Wegele - Baufinanzierung und Versicherungen in Laatzen. Wir sind dein Partner f\u00fcr Immobilien und Finanzierung.\",\"breadcrumb\":{\"@id\":\"https:\\\/\\\/wegele-immobilien.de\\\/#breadcrumb\"},\"inLanguage\":\"fr-FR\",\"potentialAction\":[{\"@type\":\"ReadAction\",\"target\":[\"https:\\\/\\\/wegele-immobilien.de\\\/\"]}]},{\"@type\":\"ImageObject\",\"inLanguage\":\"fr-FR\",\"@id\":\"https:\\\/\\\/wegele-immobilien.de\\\/#primaryimage\",\"url\":\"https:\\\/\\\/wegele-immobilien.de\\\/wp-content\\\/uploads\\\/iStock-1308235771.jpg\",\"contentUrl\":\"https:\\\/\\\/wegele-immobilien.de\\\/wp-content\\\/uploads\\\/iStock-1308235771.jpg\"},{\"@type\":\"BreadcrumbList\",\"@id\":\"https:\\\/\\\/wegele-immobilien.de\\\/#breadcrumb\",\"itemListElement\":[{\"@type\":\"ListItem\",\"position\":1,\"name\":\"Startseite\",\"item\":\"https:\\\/\\\/wegele-immobilien.de\\\/\"},{\"@type\":\"ListItem\",\"position\":2,\"name\":\"Willkommen\"}]},{\"@type\":\"WebSite\",\"@id\":\"https:\\\/\\\/wegele-immobilien.de\\\/#website\",\"url\":\"https:\\\/\\\/wegele-immobilien.de\\\/\",\"name\":\"WordPress\",\"description\":\"Just another WordPress site\",\"publisher\":{\"@id\":\"https:\\\/\\\/wegele-immobilien.de\\\/#organization\"},\"potentialAction\":[{\"@type\":\"SearchAction\",\"target\":{\"@type\":\"EntryPoint\",\"urlTemplate\":\"https:\\\/\\\/wegele-immobilien.de\\\/?s={search_term_string}\"},\"query-input\":{\"@type\":\"PropertyValueSpecification\",\"valueRequired\":true,\"valueName\":\"search_term_string\"}}],\"inLanguage\":\"fr-FR\"},{\"@type\":\"Organization\",\"@id\":\"https:\\\/\\\/wegele-immobilien.de\\\/#organization\",\"name\":\"WordPress\",\"url\":\"https:\\\/\\\/wegele-immobilien.de\\\/\",\"logo\":{\"@type\":\"ImageObject\",\"inLanguage\":\"fr-FR\",\"@id\":\"https:\\\/\\\/wegele-immobilien.de\\\/#\\\/schema\\\/logo\\\/image\\\/\",\"url\":\"https:\\\/\\\/wegele-immobilien.de\\\/wp-content\\\/uploads\\\/Logo_-1.png\",\"contentUrl\":\"https:\\\/\\\/wegele-immobilien.de\\\/wp-content\\\/uploads\\\/Logo_-1.png\",\"width\":2911,\"height\":1220,\"caption\":\"WordPress\"},\"image\":{\"@id\":\"https:\\\/\\\/wegele-immobilien.de\\\/#\\\/schema\\\/logo\\\/image\\\/\"}}]}<\/script>\n<!-- \/ Yoast SEO plugin. -->","yoast_head_json":{"title":"Willkommen - WordPress","description":"Anastassiya Wegele - Baufinanzierung und Versicherungen in Laatzen. Wir sind dein Partner f\u00fcr Immobilien und Finanzierung.","robots":{"index":"index","follow":"follow","max-snippet":"max-snippet:-1","max-image-preview":"max-image-preview:large","max-video-preview":"max-video-preview:-1"},"canonical":"https:\/\/wegele-immobilien.de\/fr\/","og_locale":"fr_FR","og_type":"article","og_title":"Willkommen - WordPress","og_description":"Anastassiya Wegele - Baufinanzierung und Versicherungen in Laatzen. Wir sind dein Partner f\u00fcr Immobilien und Finanzierung.","og_url":"https:\/\/wegele-immobilien.de\/fr\/","og_site_name":"WordPress","article_modified_time":"2023-04-24T06:55:09+00:00","og_image":[{"url":"https:\/\/wegele-immobilien.de\/wp-content\/uploads\/iStock-1308235771.jpg","type":"","width":"","height":""}],"twitter_card":"summary_large_image","twitter_misc":{"Dur\u00e9e de lecture estim\u00e9e":"1 minute"},"schema":{"@context":"https:\/\/schema.org","@graph":[{"@type":"WebPage","@id":"https:\/\/wegele-immobilien.de\/","url":"https:\/\/wegele-immobilien.de\/","name":"Willkommen - WordPress","isPartOf":{"@id":"https:\/\/wegele-immobilien.de\/#website"},"primaryImageOfPage":{"@id":"https:\/\/wegele-immobilien.de\/#primaryimage"},"image":{"@id":"https:\/\/wegele-immobilien.de\/#primaryimage"},"thumbnailUrl":"https:\/\/wegele-immobilien.de\/wp-content\/uploads\/iStock-1308235771.jpg","datePublished":"2022-01-24T08:40:39+00:00","dateModified":"2023-04-24T06:55:09+00:00","description":"Anastassiya Wegele - Baufinanzierung und Versicherungen in Laatzen. Wir sind dein Partner f\u00fcr Immobilien und Finanzierung.","breadcrumb":{"@id":"https:\/\/wegele-immobilien.de\/#breadcrumb"},"inLanguage":"fr-FR","potentialAction":[{"@type":"ReadAction","target":["https:\/\/wegele-immobilien.de\/"]}]},{"@type":"ImageObject","inLanguage":"fr-FR","@id":"https:\/\/wegele-immobilien.de\/#primaryimage","url":"https:\/\/wegele-immobilien.de\/wp-content\/uploads\/iStock-1308235771.jpg","contentUrl":"https:\/\/wegele-immobilien.de\/wp-content\/uploads\/iStock-1308235771.jpg"},{"@type":"BreadcrumbList","@id":"https:\/\/wegele-immobilien.de\/#breadcrumb","itemListElement":[{"@type":"ListItem","position":1,"name":"Startseite","item":"https:\/\/wegele-immobilien.de\/"},{"@type":"ListItem","position":2,"name":"Willkommen"}]},{"@type":"WebSite","@id":"https:\/\/wegele-immobilien.de\/#website","url":"https:\/\/wegele-immobilien.de\/","name":"WordPress","description":"Just another WordPress site","publisher":{"@id":"https:\/\/wegele-immobilien.de\/#organization"},"potentialAction":[{"@type":"SearchAction","target":{"@type":"EntryPoint","urlTemplate":"https:\/\/wegele-immobilien.de\/?s={search_term_string}"},"query-input":{"@type":"PropertyValueSpecification","valueRequired":true,"valueName":"search_term_string"}}],"inLanguage":"fr-FR"},{"@type":"Organization","@id":"https:\/\/wegele-immobilien.de\/#organization","name":"WordPress","url":"https:\/\/wegele-immobilien.de\/","logo":{"@type":"ImageObject","inLanguage":"fr-FR","@id":"https:\/\/wegele-immobilien.de\/#\/schema\/logo\/image\/","url":"https:\/\/wegele-immobilien.de\/wp-content\/uploads\/Logo_-1.png","contentUrl":"https:\/\/wegele-immobilien.de\/wp-content\/uploads\/Logo_-1.png","width":2911,"height":1220,"caption":"WordPress"},"image":{"@id":"https:\/\/wegele-immobilien.de\/#\/schema\/logo\/image\/"}}]}},"_links":{"self":[{"href":"https:\/\/wegele-immobilien.de\/fr\/wp-json\/wp\/v2\/pages\/2","targetHints":{"allow":["GET"]}}],"collection":[{"href":"https:\/\/wegele-immobilien.de\/fr\/wp-json\/wp\/v2\/pages"}],"about":[{"href":"https:\/\/wegele-immobilien.de\/fr\/wp-json\/wp\/v2\/types\/page"}],"author":[{"embeddable":true,"href":"https:\/\/wegele-immobilien.de\/fr\/wp-json\/wp\/v2\/users\/2"}],"replies":[{"embeddable":true,"href":"https:\/\/wegele-immobilien.de\/fr\/wp-json\/wp\/v2\/comments?post=2"}],"version-history":[{"count":0,"href":"https:\/\/wegele-immobilien.de\/fr\/wp-json\/wp\/v2\/pages\/2\/revisions"}],"wp:attachment":[{"href":"https:\/\/wegele-immobilien.de\/fr\/wp-json\/wp\/v2\/media?parent=2"}],"curies":[{"name":"wp","href":"https:\/\/api.w.org\/{rel}","templated":true}]}}