{"id":721,"date":"2022-02-16T12:38:01","date_gmt":"2022-02-16T12:38:01","guid":{"rendered":"https:\/\/wegele-immobilien.de\/?page_id=721"},"modified":"2023-05-16T11:10:31","modified_gmt":"2023-05-16T11:10:31","slug":"leistungen","status":"publish","type":"page","link":"https:\/\/wegele-immobilien.de\/fr\/leistungen","title":{"rendered":"Leistungen"},"content":{"rendered":"<div data-elementor-type=\"wp-page\" data-elementor-id=\"721\" class=\"elementor elementor-721\">\n\t\t\t\t\t\t<section class=\"elementor-section elementor-top-section elementor-element elementor-element-535fdaf2 elementor-section-height-min-height elementor-section-boxed elementor-section-height-default elementor-section-items-middle\" data-id=\"535fdaf2\" data-element_type=\"section\" data-e-type=\"section\" data-settings=\"{&quot;background_background&quot;:&quot;classic&quot;}\">\n\t\t\t\t\t\t\t<div class=\"elementor-background-overlay\"><\/div>\n\t\t\t\t\t\t\t<div class=\"elementor-container elementor-column-gap-default\">\n\t\t\t\t\t<div class=\"elementor-column elementor-col-100 elementor-top-column elementor-element elementor-element-27ba4d5\" data-id=\"27ba4d5\" data-element_type=\"column\" data-e-type=\"column\">\n\t\t\t<div class=\"elementor-widget-wrap elementor-element-populated\">\n\t\t\t\t\t\t<div class=\"elementor-element elementor-element-2eed3e8c elementor-widget elementor-widget-heading\" data-id=\"2eed3e8c\" data-element_type=\"widget\" data-e-type=\"widget\" data-widget_type=\"heading.default\">\n\t\t\t\t<div class=\"elementor-widget-container\">\n\t\t\t\t\t<h2 class=\"elementor-heading-title elementor-size-default\">Ich bin der Header f\u00fcr deine Unterseiten \ud83d\ude42<\/h2>\t\t\t\t<\/div>\n\t\t\t\t<\/div>\n\t\t\t\t\t<\/div>\n\t\t<\/div>\n\t\t\t\t\t<\/div>\n\t\t<\/section>\n\t\t\t\t<section class=\"elementor-section elementor-top-section elementor-element elementor-element-92350dc elementor-section-boxed elementor-section-height-default elementor-section-height-default\" data-id=\"92350dc\" data-element_type=\"section\" data-e-type=\"section\">\n\t\t\t\t\t\t<div class=\"elementor-container elementor-column-gap-default\">\n\t\t\t\t\t<div class=\"elementor-column elementor-col-100 elementor-top-column elementor-element elementor-element-ca520e2\" data-id=\"ca520e2\" data-element_type=\"column\" data-e-type=\"column\">\n\t\t\t<div class=\"elementor-widget-wrap elementor-element-populated\">\n\t\t\t\t\t\t<div class=\"elementor-element elementor-element-eaeb8d6 elementor-widget elementor-widget-heading\" data-id=\"eaeb8d6\" data-element_type=\"widget\" data-e-type=\"widget\" data-widget_type=\"heading.default\">\n\t\t\t\t<div class=\"elementor-widget-container\">\n\t\t\t\t\t<h1 class=\"elementor-heading-title elementor-size-default\">Anastassiya Wegele in Laatzen - Erfahre jetzt mehr \u00fcber unsere Leistungen<\/h1>\t\t\t\t<\/div>\n\t\t\t\t<\/div>\n\t\t\t\t<div class=\"elementor-element elementor-element-3266322 elementor-widget elementor-widget-text-editor\" data-id=\"3266322\" data-element_type=\"widget\" data-e-type=\"widget\" data-widget_type=\"text-editor.default\">\n\t\t\t\t<div class=\"elementor-widget-container\">\n\t\t\t\t\t<p><span data-slate-fragment=\"JTVCJTdCJTIydHlwZSUyMiUzQSUyMnAlMjIlMkMlMjJjaGlsZHJlbiUyMiUzQSU1QiU3QiUyMnRleHQlMjIlM0ElMjJXaXIlMjB3aXNzZW4lMkMlMjBkYXNzJTIwZGFzJTIwVGhlbWElMjBGaW5hbnplbiUyMG9mdCUyMGtvbXBsZXglMjB1bmQlMjBzY2h3ZXIlMjB2ZXJzdCVDMyVBNG5kbGljaCUyMHNlaW4lMjBrYW5uLiUyMERlc2hhbGIlMjBsZWdlbiUyMHdpciUyMGdybyVDMyU5RmVuJTIwV2VydCUyMGRhcmF1ZiUyQyUyMElobmVuJTIwYWxsZSUyMFp1c2FtbWVuaCVDMyVBNG5nZSUyMHVuZCUyME0lQzMlQjZnbGljaGtlaXRlbiUyMHZlcnN0JUMzJUE0bmRsaWNoJTIwdW5kJTIwdHJhbnNwYXJlbnQlMjBkYXJ6dWxlZ2VuLiUyMFVuc2VyZSUyMEV4cGVydGVuJTIwc3RlaGVuJTIwSWhuZW4lMjBqZWRlcnplaXQlMjBmJUMzJUJDciUyMEZyYWdlbiUyMHp1ciUyMFZlcmYlQzMlQkNndW5nJTIwdW5kJTIwYmVnbGVpdGVuJTIwU2llJTIwU2Nocml0dCUyMGYlQzMlQkNyJTIwU2Nocml0dCUyMGF1ZiUyMElocmVtJTIwV2VnJTIwenUlMjBlaW5lciUyMG9wdGltYWxlbiUyMGZpbmFuemllbGxlbiUyMEFic2ljaGVydW5nLiUyMiU3RCU1RCUyQyUyMmlkJTIyJTNBJTIyOXptZ3ElMjIlN0QlNUQ=\">Wir wissen, dass das Thema Finanzen oft komplex und schwer verst\u00e4ndlich sein kann. Deshalb legen wir gro\u00dfen Wert darauf, dir alle Zusammenh\u00e4nge und M\u00f6glichkeiten verst\u00e4ndlich und transparent darzulegen. Unsere Experten stehen dir jederzeit f\u00fcr Fragen zur Verf\u00fcgung und begleiten dich Schritt f\u00fcr Schritt auf deinen Weg zu einer optimalen finanziellen Absicherung.<br \/><br \/>Neben der Beratung bieten wir dir auch die M\u00f6glichkeit, verschiedene Versicherungs- und Finanzprodukte direkt \u00fcber uns abzuschlie\u00dfen. Dabei arbeiten wir mit renommierten Partnern aus der Branche zusammen, um dir stets die besten Konditionen anbieten zu k\u00f6nnen.<\/span><\/p>\t\t\t\t<\/div>\n\t\t\t\t<\/div>\n\t\t\t\t\t<\/div>\n\t\t<\/div>\n\t\t\t\t\t<\/div>\n\t\t<\/section>\n\t\t\t\t<section class=\"elementor-section elementor-top-section elementor-element elementor-element-ffda685 elementor-section-boxed elementor-section-height-default elementor-section-height-default\" data-id=\"ffda685\" data-element_type=\"section\" data-e-type=\"section\" data-settings=\"{&quot;background_background&quot;:&quot;classic&quot;}\">\n\t\t\t\t\t\t<div class=\"elementor-container elementor-column-gap-default\">\n\t\t\t\t\t<div class=\"elementor-column elementor-col-100 elementor-top-column elementor-element elementor-element-bb6756f\" data-id=\"bb6756f\" data-element_type=\"column\" data-e-type=\"column\">\n\t\t\t<div class=\"elementor-widget-wrap elementor-element-populated\">\n\t\t\t\t\t\t<div class=\"elementor-element elementor-element-ef48ccb elementor-position-inline-start elementor-widget__width-initial elementor-widget-mobile__width-inherit elementor-view-default elementor-mobile-position-block-start elementor-invisible elementor-widget elementor-widget-icon-box\" data-id=\"ef48ccb\" data-element_type=\"widget\" data-e-type=\"widget\" data-settings=\"{&quot;_animation&quot;:&quot;fadeIn&quot;}\" data-widget_type=\"icon-box.default\">\n\t\t\t\t<div class=\"elementor-widget-container\">\n\t\t\t\t\t<div class=\"elementor-icon-box-wrapper\">\n\n\t\t\t\t\t\t<div class=\"elementor-icon-box-icon\">\n\t\t\t\t<span  class=\"elementor-icon elementor-animation-pulse-grow\">\n\t\t\t\t<i aria-hidden=\"true\" class=\"fas fa-home\"><\/i>\t\t\t\t<\/span>\n\t\t\t<\/div>\n\t\t\t\n\t\t\t\t\t\t<div class=\"elementor-icon-box-content\">\n\n\t\t\t\t\t\t\t\t\t<h3 class=\"elementor-icon-box-title\">\n\t\t\t\t\t\t<span  >\n\t\t\t\t\t\t\tBaufinanzierung\t\t\t\t\t\t<\/span>\n\t\t\t\t\t<\/h3>\n\t\t\t\t\n\t\t\t\t\t\t\t\t\t<p class=\"elementor-icon-box-description\">\n\t\t\t\t\t\tmit \u00fcber 400 Partnerbanken\t\t\t\t\t<\/p>\n\t\t\t\t\n\t\t\t<\/div>\n\t\t\t\n\t\t<\/div>\t\t\t\t<\/div>\n\t\t\t\t<\/div>\n\t\t\t\t<div class=\"elementor-element elementor-element-444118e elementor-position-inline-start elementor-widget__width-initial elementor-widget-mobile__width-inherit elementor-view-default elementor-mobile-position-block-start elementor-invisible elementor-widget elementor-widget-icon-box\" data-id=\"444118e\" data-element_type=\"widget\" data-e-type=\"widget\" data-settings=\"{&quot;_animation&quot;:&quot;fadeIn&quot;}\" data-widget_type=\"icon-box.default\">\n\t\t\t\t<div class=\"elementor-widget-container\">\n\t\t\t\t\t<div class=\"elementor-icon-box-wrapper\">\n\n\t\t\t\t\t\t<div class=\"elementor-icon-box-icon\">\n\t\t\t\t<span  class=\"elementor-icon elementor-animation-pulse-grow\">\n\t\t\t\t<i aria-hidden=\"true\" class=\"fas fa-umbrella\"><\/i>\t\t\t\t<\/span>\n\t\t\t<\/div>\n\t\t\t\n\t\t\t\t\t\t<div class=\"elementor-icon-box-content\">\n\n\t\t\t\t\t\t\t\t\t<h3 class=\"elementor-icon-box-title\">\n\t\t\t\t\t\t<span  >\n\t\t\t\t\t\t\tVersicherungen\t\t\t\t\t\t<\/span>\n\t\t\t\t\t<\/h3>\n\t\t\t\t\n\t\t\t\t\t\t\t\t\t<p class=\"elementor-icon-box-description\">\n\t\t\t\t\t\tmit langj\u00e4hrigen Partnern\t\t\t\t\t<\/p>\n\t\t\t\t\n\t\t\t<\/div>\n\t\t\t\n\t\t<\/div>\t\t\t\t<\/div>\n\t\t\t\t<\/div>\n\t\t\t\t<div class=\"elementor-element elementor-element-0138222 elementor-position-inline-start elementor-widget__width-initial elementor-widget-mobile__width-inherit elementor-view-default elementor-mobile-position-block-start elementor-invisible elementor-widget elementor-widget-icon-box\" data-id=\"0138222\" data-element_type=\"widget\" data-e-type=\"widget\" data-settings=\"{&quot;_animation&quot;:&quot;fadeIn&quot;}\" data-widget_type=\"icon-box.default\">\n\t\t\t\t<div class=\"elementor-widget-container\">\n\t\t\t\t\t<div class=\"elementor-icon-box-wrapper\">\n\n\t\t\t\t\t\t<div class=\"elementor-icon-box-icon\">\n\t\t\t\t<span  class=\"elementor-icon elementor-animation-pulse-grow\">\n\t\t\t\t<i aria-hidden=\"true\" class=\"fas fa-house-user\"><\/i>\t\t\t\t<\/span>\n\t\t\t<\/div>\n\t\t\t\n\t\t\t\t\t\t<div class=\"elementor-icon-box-content\">\n\n\t\t\t\t\t\t\t\t\t<h3 class=\"elementor-icon-box-title\">\n\t\t\t\t\t\t<span  >\n\t\t\t\t\t\t\tImmobilien\t\t\t\t\t\t<\/span>\n\t\t\t\t\t<\/h3>\n\t\t\t\t\n\t\t\t\t\t\t\t\t\t<p class=\"elementor-icon-box-description\">\n\t\t\t\t\t\t<\/br>\t\t\t\t\t<\/p>\n\t\t\t\t\n\t\t\t<\/div>\n\t\t\t\n\t\t<\/div>\t\t\t\t<\/div>\n\t\t\t\t<\/div>\n\t\t\t\t<div class=\"elementor-element elementor-element-8084a50 elementor-position-inline-start elementor-widget__width-initial elementor-widget-mobile__width-inherit elementor-view-default elementor-mobile-position-block-start elementor-invisible elementor-widget elementor-widget-icon-box\" data-id=\"8084a50\" data-element_type=\"widget\" data-e-type=\"widget\" data-settings=\"{&quot;_animation&quot;:&quot;fadeIn&quot;}\" data-widget_type=\"icon-box.default\">\n\t\t\t\t<div class=\"elementor-widget-container\">\n\t\t\t\t\t<div class=\"elementor-icon-box-wrapper\">\n\n\t\t\t\t\t\t<div class=\"elementor-icon-box-icon\">\n\t\t\t\t<span  class=\"elementor-icon elementor-animation-pulse-grow\">\n\t\t\t\t<i aria-hidden=\"true\" class=\"far fa-lightbulb\"><\/i>\t\t\t\t<\/span>\n\t\t\t<\/div>\n\t\t\t\n\t\t\t\t\t\t<div class=\"elementor-icon-box-content\">\n\n\t\t\t\t\t\t\t\t\t<h3 class=\"elementor-icon-box-title\">\n\t\t\t\t\t\t<span  >\n\t\t\t\t\t\t\tStrom\/Gas\t\t\t\t\t\t<\/span>\n\t\t\t\t\t<\/h3>\n\t\t\t\t\n\t\t\t\t\t\t\t\t\t<p class=\"elementor-icon-box-description\">\n\t\t\t\t\t\t<br>\t\t\t\t\t<\/p>\n\t\t\t\t\n\t\t\t<\/div>\n\t\t\t\n\t\t<\/div>\t\t\t\t<\/div>\n\t\t\t\t<\/div>\n\t\t\t\t\t<\/div>\n\t\t<\/div>\n\t\t\t\t\t<\/div>\n\t\t<\/section>\n\t\t\t\t<section class=\"elementor-section elementor-top-section elementor-element elementor-element-c6461e2 elementor-section-boxed elementor-section-height-default elementor-section-height-default\" data-id=\"c6461e2\" data-element_type=\"section\" data-e-type=\"section\">\n\t\t\t\t\t\t<div class=\"elementor-container elementor-column-gap-default\">\n\t\t\t\t\t<div class=\"elementor-column elementor-col-100 elementor-top-column elementor-element elementor-element-06db15d\" data-id=\"06db15d\" data-element_type=\"column\" data-e-type=\"column\">\n\t\t\t<div class=\"elementor-widget-wrap elementor-element-populated\">\n\t\t\t\t\t\t<div class=\"elementor-element elementor-element-5ed9876 elementor-position-left elementor-vertical-align-middle elementor-widget elementor-widget-image-box\" data-id=\"5ed9876\" data-element_type=\"widget\" data-e-type=\"widget\" data-widget_type=\"image-box.default\">\n\t\t\t\t<div class=\"elementor-widget-container\">\n\t\t\t\t\t<div class=\"elementor-image-box-wrapper\"><figure class=\"elementor-image-box-img\"><img fetchpriority=\"high\" decoding=\"async\" width=\"2560\" height=\"1707\" src=\"https:\/\/wegele-immobilien.de\/wp-content\/uploads\/DSC07558-1-scaled.jpg\" class=\"attachment-full size-full wp-image-1655\" alt=\"\" srcset=\"https:\/\/wegele-immobilien.de\/wp-content\/uploads\/DSC07558-1-scaled.jpg 2560w, https:\/\/wegele-immobilien.de\/wp-content\/uploads\/DSC07558-1-300x200.jpg 300w, https:\/\/wegele-immobilien.de\/wp-content\/uploads\/DSC07558-1-1024x683.jpg 1024w, https:\/\/wegele-immobilien.de\/wp-content\/uploads\/DSC07558-1-768x512.jpg 768w, https:\/\/wegele-immobilien.de\/wp-content\/uploads\/DSC07558-1-1536x1024.jpg 1536w, https:\/\/wegele-immobilien.de\/wp-content\/uploads\/DSC07558-1-2048x1366.jpg 2048w\" sizes=\"(max-width: 2560px) 100vw, 2560px\" \/><\/figure><div class=\"elementor-image-box-content\"><h3 class=\"elementor-image-box-title\">Individuelle L\u00f6sungen f\u00fcr erstklassige Beratungen <\/h3><p class=\"elementor-image-box-description\">Wir sind stolz darauf, dass viele unserer Kunden bereits seit Jahren auf unsere Expertise vertrauen und uns weiterempfehlen. Dies best\u00e4tigt uns in unserem Anspruch, dir eine erstklassige Beratung und Betreuung zu bieten \u2013 denn deine Zufriedenheit ist unser gr\u00f6\u00dftes Anliegen.<\/p><\/div><\/div>\t\t\t\t<\/div>\n\t\t\t\t<\/div>\n\t\t\t\t\t<\/div>\n\t\t<\/div>\n\t\t\t\t\t<\/div>\n\t\t<\/section>\n\t\t\t\t<section class=\"elementor-section elementor-top-section elementor-element elementor-element-7313a56 elementor-section-boxed elementor-section-height-default elementor-section-height-default elementor-invisible\" data-id=\"7313a56\" data-element_type=\"section\" data-e-type=\"section\" data-settings=\"{&quot;animation&quot;:&quot;fadeIn&quot;,&quot;background_background&quot;:&quot;classic&quot;}\">\n\t\t\t\t\t\t<div class=\"elementor-container elementor-column-gap-default\">\n\t\t\t\t\t<div class=\"elementor-column elementor-col-100 elementor-top-column elementor-element elementor-element-571a1af\" data-id=\"571a1af\" data-element_type=\"column\" data-e-type=\"column\">\n\t\t\t<div class=\"elementor-widget-wrap elementor-element-populated\">\n\t\t\t\t\t\t<div class=\"elementor-element elementor-element-1859c87 elementor-vertical-align-middle elementor-widget elementor-widget-image-box\" data-id=\"1859c87\" data-element_type=\"widget\" data-e-type=\"widget\" data-widget_type=\"image-box.default\">\n\t\t\t\t<div class=\"elementor-widget-container\">\n\t\t\t\t\t<div class=\"elementor-image-box-wrapper\"><div class=\"elementor-image-box-content\"><h2 class=\"elementor-image-box-title\">Du hast noch Fragen? <\/h2><p class=\"elementor-image-box-description\">Dann kontaktiere uns gerne - wir freuen uns auf deine Anfrage. <br><br>\n\nSorge jetzt f\u00fcr deine Zukunft vor!<\/p><\/div><\/div>\t\t\t\t<\/div>\n\t\t\t\t<\/div>\n\t\t\t\t<div class=\"elementor-element elementor-element-efd2034 elementor-align-center elementor-widget__width-initial elementor-widget-mobile__width-auto elementor-widget elementor-widget-button\" data-id=\"efd2034\" data-element_type=\"widget\" data-e-type=\"widget\" data-widget_type=\"button.default\">\n\t\t\t\t<div class=\"elementor-widget-container\">\n\t\t\t\t\t<div class=\"elementor-button-wrapper\">\n\t\t\t\t\t<a class=\"elementor-button elementor-button-link elementor-size-sm\" href=\"\/kontakt\">\n\t\t\t\t\t\t<span class=\"elementor-button-content-wrapper\">\n\t\t\t\t\t\t<span class=\"elementor-button-icon\">\n\t\t\t\t<i aria-hidden=\"true\" class=\"fas fa-mail-bulk\"><\/i>\t\t\t<\/span>\n\t\t\t\t\t\t\t\t\t<span class=\"elementor-button-text\">Kontaktiere uns<\/span>\n\t\t\t\t\t<\/span>\n\t\t\t\t\t<\/a>\n\t\t\t\t<\/div>\t\t\t\t<\/div>\n\t\t\t\t<\/div>\n\t\t\t\t\t<\/div>\n\t\t<\/div>\n\t\t\t\t\t<\/div>\n\t\t<\/section>\n\t\t\t\t<\/div>","protected":false},"excerpt":{"rendered":"<p>Anastassiya Wegele in Laatzen &#8211; Erfahre jetzt mehr \u00fcber unsere Leistungen Wir wissen, dass das Thema Finanzen oft komplex und schwer verst\u00e4ndlich sein kann. Deshalb legen wir gro\u00dfen Wert darauf, dir alle Zusammenh\u00e4nge und M\u00f6glichkeiten verst\u00e4ndlich und transparent darzulegen. Unsere Experten stehen dir jederzeit f\u00fcr Fragen zur Verf\u00fcgung und begleiten dich Schritt f\u00fcr Schritt auf [&hellip;]<\/p>\n","protected":false},"author":2,"featured_media":0,"parent":0,"menu_order":0,"comment_status":"closed","ping_status":"closed","template":"","meta":{"footnotes":""},"class_list":["post-721","page","type-page","status-publish","hentry"],"yoast_head":"<!-- This site is optimized with the Yoast SEO plugin v27.4 - https:\/\/yoast.com\/product\/yoast-seo-wordpress\/ -->\n<title>Leistungen - WordPress<\/title>\n<meta name=\"description\" content=\"Anastassjya Wegele in Laatzen - Erfahre jetzt mehr \u00fcber unsere Leistungen. Wir freuen uns auf deinen Anruf!\" \/>\n<meta name=\"robots\" content=\"index, follow, max-snippet:-1, max-image-preview:large, max-video-preview:-1\" \/>\n<link rel=\"canonical\" href=\"https:\/\/wegele-immobilien.de\/fr\/leistungen\/\" \/>\n<meta property=\"og:locale\" content=\"fr_FR\" \/>\n<meta property=\"og:type\" content=\"article\" \/>\n<meta property=\"og:title\" content=\"Leistungen - WordPress\" \/>\n<meta property=\"og:description\" content=\"Anastassjya Wegele in Laatzen - Erfahre jetzt mehr \u00fcber unsere Leistungen. Wir freuen uns auf deinen Anruf!\" \/>\n<meta property=\"og:url\" content=\"https:\/\/wegele-immobilien.de\/fr\/leistungen\/\" \/>\n<meta property=\"og:site_name\" content=\"WordPress\" \/>\n<meta property=\"article:modified_time\" content=\"2023-05-16T11:10:31+00:00\" \/>\n<meta property=\"og:image\" content=\"https:\/\/wegele-immobilien.de\/wp-content\/uploads\/DSC07558-1-scaled.jpg\" \/>\n<meta name=\"twitter:card\" content=\"summary_large_image\" \/>\n<meta name=\"twitter:label1\" content=\"Dur\u00e9e de lecture estim\u00e9e\" \/>\n\t<meta name=\"twitter:data1\" content=\"2 minutes\" \/>\n<script type=\"application\/ld+json\" class=\"yoast-schema-graph\">{\"@context\":\"https:\\\/\\\/schema.org\",\"@graph\":[{\"@type\":\"WebPage\",\"@id\":\"https:\\\/\\\/wegele-immobilien.de\\\/leistungen\",\"url\":\"https:\\\/\\\/wegele-immobilien.de\\\/leistungen\",\"name\":\"Leistungen - WordPress\",\"isPartOf\":{\"@id\":\"https:\\\/\\\/wegele-immobilien.de\\\/#website\"},\"primaryImageOfPage\":{\"@id\":\"https:\\\/\\\/wegele-immobilien.de\\\/leistungen#primaryimage\"},\"image\":{\"@id\":\"https:\\\/\\\/wegele-immobilien.de\\\/leistungen#primaryimage\"},\"thumbnailUrl\":\"https:\\\/\\\/wegele-immobilien.de\\\/wp-content\\\/uploads\\\/DSC07558-1-scaled.jpg\",\"datePublished\":\"2022-02-16T12:38:01+00:00\",\"dateModified\":\"2023-05-16T11:10:31+00:00\",\"description\":\"Anastassjya Wegele in Laatzen - Erfahre jetzt mehr \u00fcber unsere Leistungen. Wir freuen uns auf deinen Anruf!\",\"breadcrumb\":{\"@id\":\"https:\\\/\\\/wegele-immobilien.de\\\/leistungen#breadcrumb\"},\"inLanguage\":\"fr-FR\",\"potentialAction\":[{\"@type\":\"ReadAction\",\"target\":[\"https:\\\/\\\/wegele-immobilien.de\\\/leistungen\"]}]},{\"@type\":\"ImageObject\",\"inLanguage\":\"fr-FR\",\"@id\":\"https:\\\/\\\/wegele-immobilien.de\\\/leistungen#primaryimage\",\"url\":\"https:\\\/\\\/wegele-immobilien.de\\\/wp-content\\\/uploads\\\/DSC07558-1-scaled.jpg\",\"contentUrl\":\"https:\\\/\\\/wegele-immobilien.de\\\/wp-content\\\/uploads\\\/DSC07558-1-scaled.jpg\"},{\"@type\":\"BreadcrumbList\",\"@id\":\"https:\\\/\\\/wegele-immobilien.de\\\/leistungen#breadcrumb\",\"itemListElement\":[{\"@type\":\"ListItem\",\"position\":1,\"name\":\"Startseite\",\"item\":\"https:\\\/\\\/wegele-immobilien.de\\\/\"},{\"@type\":\"ListItem\",\"position\":2,\"name\":\"Leistungen\"}]},{\"@type\":\"WebSite\",\"@id\":\"https:\\\/\\\/wegele-immobilien.de\\\/#website\",\"url\":\"https:\\\/\\\/wegele-immobilien.de\\\/\",\"name\":\"WordPress\",\"description\":\"Just another WordPress site\",\"publisher\":{\"@id\":\"https:\\\/\\\/wegele-immobilien.de\\\/#organization\"},\"potentialAction\":[{\"@type\":\"SearchAction\",\"target\":{\"@type\":\"EntryPoint\",\"urlTemplate\":\"https:\\\/\\\/wegele-immobilien.de\\\/?s={search_term_string}\"},\"query-input\":{\"@type\":\"PropertyValueSpecification\",\"valueRequired\":true,\"valueName\":\"search_term_string\"}}],\"inLanguage\":\"fr-FR\"},{\"@type\":\"Organization\",\"@id\":\"https:\\\/\\\/wegele-immobilien.de\\\/#organization\",\"name\":\"WordPress\",\"url\":\"https:\\\/\\\/wegele-immobilien.de\\\/\",\"logo\":{\"@type\":\"ImageObject\",\"inLanguage\":\"fr-FR\",\"@id\":\"https:\\\/\\\/wegele-immobilien.de\\\/#\\\/schema\\\/logo\\\/image\\\/\",\"url\":\"https:\\\/\\\/wegele-immobilien.de\\\/wp-content\\\/uploads\\\/Logo_-1.png\",\"contentUrl\":\"https:\\\/\\\/wegele-immobilien.de\\\/wp-content\\\/uploads\\\/Logo_-1.png\",\"width\":2911,\"height\":1220,\"caption\":\"WordPress\"},\"image\":{\"@id\":\"https:\\\/\\\/wegele-immobilien.de\\\/#\\\/schema\\\/logo\\\/image\\\/\"}}]}<\/script>\n<!-- \/ Yoast SEO plugin. -->","yoast_head_json":{"title":"Leistungen - WordPress","description":"Anastassjya Wegele in Laatzen - Erfahre jetzt mehr \u00fcber unsere Leistungen. Wir freuen uns auf deinen Anruf!","robots":{"index":"index","follow":"follow","max-snippet":"max-snippet:-1","max-image-preview":"max-image-preview:large","max-video-preview":"max-video-preview:-1"},"canonical":"https:\/\/wegele-immobilien.de\/fr\/leistungen\/","og_locale":"fr_FR","og_type":"article","og_title":"Leistungen - WordPress","og_description":"Anastassjya Wegele in Laatzen - Erfahre jetzt mehr \u00fcber unsere Leistungen. Wir freuen uns auf deinen Anruf!","og_url":"https:\/\/wegele-immobilien.de\/fr\/leistungen\/","og_site_name":"WordPress","article_modified_time":"2023-05-16T11:10:31+00:00","og_image":[{"url":"https:\/\/wegele-immobilien.de\/wp-content\/uploads\/DSC07558-1-scaled.jpg","type":"","width":"","height":""}],"twitter_card":"summary_large_image","twitter_misc":{"Dur\u00e9e de lecture estim\u00e9e":"2 minutes"},"schema":{"@context":"https:\/\/schema.org","@graph":[{"@type":"WebPage","@id":"https:\/\/wegele-immobilien.de\/leistungen","url":"https:\/\/wegele-immobilien.de\/leistungen","name":"Leistungen - WordPress","isPartOf":{"@id":"https:\/\/wegele-immobilien.de\/#website"},"primaryImageOfPage":{"@id":"https:\/\/wegele-immobilien.de\/leistungen#primaryimage"},"image":{"@id":"https:\/\/wegele-immobilien.de\/leistungen#primaryimage"},"thumbnailUrl":"https:\/\/wegele-immobilien.de\/wp-content\/uploads\/DSC07558-1-scaled.jpg","datePublished":"2022-02-16T12:38:01+00:00","dateModified":"2023-05-16T11:10:31+00:00","description":"Anastassjya Wegele in Laatzen - Erfahre jetzt mehr \u00fcber unsere Leistungen. Wir freuen uns auf deinen Anruf!","breadcrumb":{"@id":"https:\/\/wegele-immobilien.de\/leistungen#breadcrumb"},"inLanguage":"fr-FR","potentialAction":[{"@type":"ReadAction","target":["https:\/\/wegele-immobilien.de\/leistungen"]}]},{"@type":"ImageObject","inLanguage":"fr-FR","@id":"https:\/\/wegele-immobilien.de\/leistungen#primaryimage","url":"https:\/\/wegele-immobilien.de\/wp-content\/uploads\/DSC07558-1-scaled.jpg","contentUrl":"https:\/\/wegele-immobilien.de\/wp-content\/uploads\/DSC07558-1-scaled.jpg"},{"@type":"BreadcrumbList","@id":"https:\/\/wegele-immobilien.de\/leistungen#breadcrumb","itemListElement":[{"@type":"ListItem","position":1,"name":"Startseite","item":"https:\/\/wegele-immobilien.de\/"},{"@type":"ListItem","position":2,"name":"Leistungen"}]},{"@type":"WebSite","@id":"https:\/\/wegele-immobilien.de\/#website","url":"https:\/\/wegele-immobilien.de\/","name":"WordPress","description":"Just another WordPress site","publisher":{"@id":"https:\/\/wegele-immobilien.de\/#organization"},"potentialAction":[{"@type":"SearchAction","target":{"@type":"EntryPoint","urlTemplate":"https:\/\/wegele-immobilien.de\/?s={search_term_string}"},"query-input":{"@type":"PropertyValueSpecification","valueRequired":true,"valueName":"search_term_string"}}],"inLanguage":"fr-FR"},{"@type":"Organization","@id":"https:\/\/wegele-immobilien.de\/#organization","name":"WordPress","url":"https:\/\/wegele-immobilien.de\/","logo":{"@type":"ImageObject","inLanguage":"fr-FR","@id":"https:\/\/wegele-immobilien.de\/#\/schema\/logo\/image\/","url":"https:\/\/wegele-immobilien.de\/wp-content\/uploads\/Logo_-1.png","contentUrl":"https:\/\/wegele-immobilien.de\/wp-content\/uploads\/Logo_-1.png","width":2911,"height":1220,"caption":"WordPress"},"image":{"@id":"https:\/\/wegele-immobilien.de\/#\/schema\/logo\/image\/"}}]}},"_links":{"self":[{"href":"https:\/\/wegele-immobilien.de\/fr\/wp-json\/wp\/v2\/pages\/721","targetHints":{"allow":["GET"]}}],"collection":[{"href":"https:\/\/wegele-immobilien.de\/fr\/wp-json\/wp\/v2\/pages"}],"about":[{"href":"https:\/\/wegele-immobilien.de\/fr\/wp-json\/wp\/v2\/types\/page"}],"author":[{"embeddable":true,"href":"https:\/\/wegele-immobilien.de\/fr\/wp-json\/wp\/v2\/users\/2"}],"replies":[{"embeddable":true,"href":"https:\/\/wegele-immobilien.de\/fr\/wp-json\/wp\/v2\/comments?post=721"}],"version-history":[{"count":0,"href":"https:\/\/wegele-immobilien.de\/fr\/wp-json\/wp\/v2\/pages\/721\/revisions"}],"wp:attachment":[{"href":"https:\/\/wegele-immobilien.de\/fr\/wp-json\/wp\/v2\/media?parent=721"}],"curies":[{"name":"wp","href":"https:\/\/api.w.org\/{rel}","templated":true}]}}