{"id":723,"date":"2022-02-16T12:38:24","date_gmt":"2022-02-16T12:38:24","guid":{"rendered":"https:\/\/wegele-immobilien.de\/?page_id=723"},"modified":"2023-05-15T14:14:37","modified_gmt":"2023-05-15T14:14:37","slug":"finanzberatung","status":"publish","type":"page","link":"https:\/\/wegele-immobilien.de\/fr\/finanzberatung","title":{"rendered":"Finanzberatung"},"content":{"rendered":"<div data-elementor-type=\"wp-page\" data-elementor-id=\"723\" class=\"elementor elementor-723\">\n\t\t\t\t\t\t<section class=\"elementor-section elementor-top-section elementor-element elementor-element-6e7401c5 elementor-section-height-min-height elementor-section-boxed elementor-section-height-default elementor-section-items-middle\" data-id=\"6e7401c5\" data-element_type=\"section\" data-e-type=\"section\" data-settings=\"{&quot;background_background&quot;:&quot;classic&quot;}\">\n\t\t\t\t\t\t\t<div class=\"elementor-background-overlay\"><\/div>\n\t\t\t\t\t\t\t<div class=\"elementor-container elementor-column-gap-default\">\n\t\t\t\t\t<div class=\"elementor-column elementor-col-100 elementor-top-column elementor-element elementor-element-46227308\" data-id=\"46227308\" data-element_type=\"column\" data-e-type=\"column\">\n\t\t\t<div class=\"elementor-widget-wrap elementor-element-populated\">\n\t\t\t\t\t\t<div class=\"elementor-element elementor-element-52bbc9e2 elementor-widget elementor-widget-heading\" data-id=\"52bbc9e2\" data-element_type=\"widget\" data-e-type=\"widget\" data-widget_type=\"heading.default\">\n\t\t\t\t<div class=\"elementor-widget-container\">\n\t\t\t\t\t<h2 class=\"elementor-heading-title elementor-size-default\">Ich bin der Header f\u00fcr deine Unterseiten \ud83d\ude42<\/h2>\t\t\t\t<\/div>\n\t\t\t\t<\/div>\n\t\t\t\t\t<\/div>\n\t\t<\/div>\n\t\t\t\t\t<\/div>\n\t\t<\/section>\n\t\t\t\t<section class=\"elementor-section elementor-top-section elementor-element elementor-element-769daf0 elementor-section-boxed elementor-section-height-default elementor-section-height-default\" data-id=\"769daf0\" data-element_type=\"section\" data-e-type=\"section\">\n\t\t\t\t\t\t<div class=\"elementor-container elementor-column-gap-default\">\n\t\t\t\t\t<div class=\"elementor-column elementor-col-100 elementor-top-column elementor-element elementor-element-877518c\" data-id=\"877518c\" data-element_type=\"column\" data-e-type=\"column\">\n\t\t\t<div class=\"elementor-widget-wrap elementor-element-populated\">\n\t\t\t\t\t\t<div class=\"elementor-element elementor-element-27978ba elementor-widget elementor-widget-heading\" data-id=\"27978ba\" data-element_type=\"widget\" data-e-type=\"widget\" data-widget_type=\"heading.default\">\n\t\t\t\t<div class=\"elementor-widget-container\">\n\t\t\t\t\t<h1 class=\"elementor-heading-title elementor-size-default\">Finanzberatung in Laatzen<\/h1>\t\t\t\t<\/div>\n\t\t\t\t<\/div>\n\t\t\t\t<div class=\"elementor-element elementor-element-aee0cc1 elementor-widget elementor-widget-text-editor\" data-id=\"aee0cc1\" data-element_type=\"widget\" data-e-type=\"widget\" data-widget_type=\"text-editor.default\">\n\t\t\t\t<div class=\"elementor-widget-container\">\n\t\t\t\t\t<p><span data-slate-fragment=\"JTVCJTdCJTIydHlwZSUyMiUzQSUyMnAlMjIlMkMlMjJjaGlsZHJlbiUyMiUzQSU1QiU3QiUyMnRleHQlMjIlM0ElMjJXaXIlMjBzaW5kJTIwZWluJTIwZW5nYWdpZXJ0ZXMlMjBUZWFtJTIwdm9uJTIwZXJmYWhyZW5lbiUyMEZpbmFuemJlcmF0ZXJuJTJDJTIwZGllJTIwc2ljaCUyMGxlaWRlbnNjaGFmdGxpY2glMjBmJUMzJUJDciUyMGRpZSUyMFZlcmJlc3NlcnVuZyUyMElocmVyJTIwZmluYW56aWVsbGVuJTIwWnVrdW5mdCUyMGVpbnNldHplbi4lMjBVbnNlciUyMFppZWwlMjBpc3QlMjBlcyUyQyUyMElobmVuJTIwZGFiZWklMjB6dSUyMGhlbGZlbiUyQyUyMElocmUlMjBmaW5hbnppZWxsZW4lMjBaaWVsZSUyMHp1JTIwZXJyZWljaGVuJTIwdW5kJTIwZ2xlaWNoemVpdGlnJTIwZWluJTIwc29saWRlcyUyMEZ1bmRhbWVudCUyMGYlQzMlQkNyJTIwbGFuZ2ZyaXN0aWdlbiUyMFdvaGxzdGFuZCUyMHVuZCUyMFNpY2hlcmhlaXQlMjBhdWZ6dWJhdWVuLiUyMiU3RCU1RCUyQyUyMmlkJTIyJTNBJTIycTU4anAlMjIlN0QlNUQ=\">Wir sind ein engagiertes Team von erfahrenen Finanzberatern, die sich leidenschaftlich f\u00fcr die Verbesserung deiner finanziellen Zukunft einsetzen. Unser Ziel ist es, dir dabei zu helfen, deine finanziellen Ziele zu erreichen und gleichzeitig ein solides Fundament f\u00fcr langfristigen Wohlstand und Sicherheit aufzubauen.<br \/><br \/>Unser Beratungsansatz basiert auf einer ganzheitlichen Betrachtung deiner finanziellen Situation und der Entwicklung von Strategien, die auf deinen Zielen und W\u00fcnschen basieren.<br \/><\/span><\/p>\t\t\t\t<\/div>\n\t\t\t\t<\/div>\n\t\t\t\t<div class=\"elementor-element elementor-element-bab1ac2 elementor-widget elementor-widget-toggle\" data-id=\"bab1ac2\" data-element_type=\"widget\" data-e-type=\"widget\" data-widget_type=\"toggle.default\">\n\t\t\t\t<div class=\"elementor-widget-container\">\n\t\t\t\t\t<div class=\"elementor-toggle\">\n\t\t\t\t\t\t\t<div class=\"elementor-toggle-item\">\n\t\t\t\t\t<div id=\"elementor-tab-title-1951\" class=\"elementor-tab-title\" data-tab=\"1\" role=\"button\" aria-controls=\"elementor-tab-content-1951\" aria-expanded=\"false\">\n\t\t\t\t\t\t\t\t\t\t\t\t<span class=\"elementor-toggle-icon elementor-toggle-icon-left\" aria-hidden=\"true\">\n\t\t\t\t\t\t\t\t\t\t\t\t\t\t\t<span class=\"elementor-toggle-icon-closed\"><i class=\"fas fa-caret-right\"><\/i><\/span>\n\t\t\t\t\t\t\t\t<span class=\"elementor-toggle-icon-opened\"><i class=\"elementor-toggle-icon-opened fas fa-caret-up\"><\/i><\/span>\n\t\t\t\t\t\t\t\t\t\t\t\t\t<\/span>\n\t\t\t\t\t\t\t\t\t\t\t\t<a class=\"elementor-toggle-title\" tabindex=\"0\">Finanzplanung<\/a>\n\t\t\t\t\t<\/div>\n\n\t\t\t\t\t<div id=\"elementor-tab-content-1951\" class=\"elementor-tab-content elementor-clearfix\" data-tab=\"1\" role=\"region\" aria-labelledby=\"elementor-tab-title-1951\"><p><span data-slate-fragment=\"JTVCJTdCJTIydHlwZSUyMiUzQSUyMnVsJTIyJTJDJTIyc3RhcnQlMjIlM0FudWxsJTJDJTIyY2hpbGRyZW4lMjIlM0ElNUIlN0IlMjJ0eXBlJTIyJTNBJTIybGklMjIlMkMlMjJjaGlsZHJlbiUyMiUzQSU1QiU3QiUyMnR5cGUlMjIlM0ElMjJsaWMlMjIlMkMlMjJjaGlsZHJlbiUyMiUzQSU1QiU3QiUyMnRleHQlMjIlM0ElMjJXaXIlMjBoZWxmZW4lMjBJaG5lbiUyQyUyMElocmUlMjBmaW5hbnppZWxsZW4lMjBaaWVsZSUyMHp1JTIwZGVmaW5pZXJlbiUyMHVuZCUyMGVpbmVuJTIwUGxhbiUyMHp1JTIwZW50d2lja2VsbiUyQyUyMHVtJTIwZGllc2UlMjBaaWVsZSUyMGVmZmVrdGl2JTIwenUlMjBlcnJlaWNoZW4uJTIyJTdEJTVEJTJDJTIyaWQlMjIlM0ElMjI2eTY1eiUyMiU3RCU1RCUyQyUyMmlkJTIyJTNBJTIyeWI2YjclMjIlN0QlNUQlMkMlMjJpZCUyMiUzQSUyMjlka2NqJTIyJTdEJTVE\">Wir helfen dir, deine finanziellen Ziele zu definieren und einen Plan zu entwickeln, um diese Ziele effektiv zu erreichen.<\/span><\/p><\/div>\n\t\t\t\t<\/div>\n\t\t\t\t\t\t\t<div class=\"elementor-toggle-item\">\n\t\t\t\t\t<div id=\"elementor-tab-title-1952\" class=\"elementor-tab-title\" data-tab=\"2\" role=\"button\" aria-controls=\"elementor-tab-content-1952\" aria-expanded=\"false\">\n\t\t\t\t\t\t\t\t\t\t\t\t<span class=\"elementor-toggle-icon elementor-toggle-icon-left\" aria-hidden=\"true\">\n\t\t\t\t\t\t\t\t\t\t\t\t\t\t\t<span class=\"elementor-toggle-icon-closed\"><i class=\"fas fa-caret-right\"><\/i><\/span>\n\t\t\t\t\t\t\t\t<span class=\"elementor-toggle-icon-opened\"><i class=\"elementor-toggle-icon-opened fas fa-caret-up\"><\/i><\/span>\n\t\t\t\t\t\t\t\t\t\t\t\t\t<\/span>\n\t\t\t\t\t\t\t\t\t\t\t\t<a class=\"elementor-toggle-title\" tabindex=\"0\">Anlageberatung<\/a>\n\t\t\t\t\t<\/div>\n\n\t\t\t\t\t<div id=\"elementor-tab-content-1952\" class=\"elementor-tab-content elementor-clearfix\" data-tab=\"2\" role=\"region\" aria-labelledby=\"elementor-tab-title-1952\"><p><span data-slate-fragment=\"JTVCJTdCJTIydHlwZSUyMiUzQSUyMnVsJTIyJTJDJTIyc3RhcnQlMjIlM0FudWxsJTJDJTIyY2hpbGRyZW4lMjIlM0ElNUIlN0IlMjJ0eXBlJTIyJTNBJTIybGklMjIlMkMlMjJjaGlsZHJlbiUyMiUzQSU1QiU3QiUyMnR5cGUlMjIlM0ElMjJsaWMlMjIlMkMlMjJjaGlsZHJlbiUyMiUzQSU1QiU3QiUyMnRleHQlMjIlM0ElMjJVbnNlcmUlMjBFeHBlcnRlbiUyMGFuYWx5c2llcmVuJTIwSWhyZSUyMHBlcnMlQzMlQjZubGljaGUlMjBSaXNpa290b2xlcmFueiUyMHVuZCUyMGVudHdpY2tlbG4lMjBtYSVDMyU5Rmdlc2NobmVpZGVydGUlMjBBbmxhZ2VzdHJhdGVnaWVuJTJDJTIwZGllJTIwYXVmJTIwSWhyZW4lMjBaaWVsZW4lMjB1bmQlMjBXJUMzJUJDbnNjaGVuJTIwYmFzaWVyZW4uJTIyJTdEJTVEJTJDJTIyaWQlMjIlM0ElMjI1MXVyYiUyMiU3RCU1RCUyQyUyMmlkJTIyJTNBJTIya2hyd3clMjIlN0QlNUQlMkMlMjJpZCUyMiUzQSUyMjlka2NqJTIyJTdEJTVE\">Unsere Experten analysieren deine pers\u00f6nliche Risikotoleranz und entwickeln ma\u00dfgeschneiderte Anlagestrategien, die auf deinen Zielen und W\u00fcnschen basieren.<\/span><\/p><\/div>\n\t\t\t\t<\/div>\n\t\t\t\t\t\t\t<div class=\"elementor-toggle-item\">\n\t\t\t\t\t<div id=\"elementor-tab-title-1953\" class=\"elementor-tab-title\" data-tab=\"3\" role=\"button\" aria-controls=\"elementor-tab-content-1953\" aria-expanded=\"false\">\n\t\t\t\t\t\t\t\t\t\t\t\t<span class=\"elementor-toggle-icon elementor-toggle-icon-left\" aria-hidden=\"true\">\n\t\t\t\t\t\t\t\t\t\t\t\t\t\t\t<span class=\"elementor-toggle-icon-closed\"><i class=\"fas fa-caret-right\"><\/i><\/span>\n\t\t\t\t\t\t\t\t<span class=\"elementor-toggle-icon-opened\"><i class=\"elementor-toggle-icon-opened fas fa-caret-up\"><\/i><\/span>\n\t\t\t\t\t\t\t\t\t\t\t\t\t<\/span>\n\t\t\t\t\t\t\t\t\t\t\t\t<a class=\"elementor-toggle-title\" tabindex=\"0\">Altersvorsorge<\/a>\n\t\t\t\t\t<\/div>\n\n\t\t\t\t\t<div id=\"elementor-tab-content-1953\" class=\"elementor-tab-content elementor-clearfix\" data-tab=\"3\" role=\"region\" aria-labelledby=\"elementor-tab-title-1953\"><p><span data-slate-fragment=\"JTVCJTdCJTIydHlwZSUyMiUzQSUyMnVsJTIyJTJDJTIyc3RhcnQlMjIlM0FudWxsJTJDJTIyY2hpbGRyZW4lMjIlM0ElNUIlN0IlMjJ0eXBlJTIyJTNBJTIybGklMjIlMkMlMjJjaGlsZHJlbiUyMiUzQSU1QiU3QiUyMnR5cGUlMjIlM0ElMjJsaWMlMjIlMkMlMjJjaGlsZHJlbiUyMiUzQSU1QiU3QiUyMnRleHQlMjIlM0ElMjJXaXIlMjB1bnRlcnN0JUMzJUJDdHplbiUyMFNpZSUyMGJlaSUyMGRlciUyMFBsYW51bmclMjBJaHJlciUyMGZpbmFuemllbGxlbiUyMFNpY2hlcmhlaXQlMjBpbSUyMFJ1aGVzdGFuZCUyMHVuZCUyMGJlcmF0ZW4lMjBTaWUlMjBiZWklMjBkZXIlMjBBdXN3YWhsJTIwZGVyJTIwcmljaHRpZ2VuJTIwVm9yc29yZ2VpbnN0cnVtZW50ZS4lMjIlN0QlNUQlMkMlMjJpZCUyMiUzQSUyMnMzNzVsJTIyJTdEJTVEJTJDJTIyaWQlMjIlM0ElMjJtZXNjcSUyMiU3RCU1RCUyQyUyMmlkJTIyJTNBJTIyOWRrY2olMjIlN0QlNUQ=\">Wir unterst\u00fctzen dich bei der Planung deiner finanziellen Sicherheit im Ruhestand und beraten dich bei der Auswahl der richtigen Vorsorgeinstrumente.<\/span><\/p><\/div>\n\t\t\t\t<\/div>\n\t\t\t\t\t\t\t<div class=\"elementor-toggle-item\">\n\t\t\t\t\t<div id=\"elementor-tab-title-1954\" class=\"elementor-tab-title\" data-tab=\"4\" role=\"button\" aria-controls=\"elementor-tab-content-1954\" aria-expanded=\"false\">\n\t\t\t\t\t\t\t\t\t\t\t\t<span class=\"elementor-toggle-icon elementor-toggle-icon-left\" aria-hidden=\"true\">\n\t\t\t\t\t\t\t\t\t\t\t\t\t\t\t<span class=\"elementor-toggle-icon-closed\"><i class=\"fas fa-caret-right\"><\/i><\/span>\n\t\t\t\t\t\t\t\t<span class=\"elementor-toggle-icon-opened\"><i class=\"elementor-toggle-icon-opened fas fa-caret-up\"><\/i><\/span>\n\t\t\t\t\t\t\t\t\t\t\t\t\t<\/span>\n\t\t\t\t\t\t\t\t\t\t\t\t<a class=\"elementor-toggle-title\" tabindex=\"0\">Verm\u00f6gensverwaltung<\/a>\n\t\t\t\t\t<\/div>\n\n\t\t\t\t\t<div id=\"elementor-tab-content-1954\" class=\"elementor-tab-content elementor-clearfix\" data-tab=\"4\" role=\"region\" aria-labelledby=\"elementor-tab-title-1954\"><p>Wir helfen dir dabei, den Wert deines angelegten Verm\u00f6gens auch langfristig halten zu k\u00f6nnen. Dabei wiegen wir gemeinsam Anlageentscheidungen ab.<\/p><\/div>\n\t\t\t\t<\/div>\n\t\t\t\t\t\t\t<div class=\"elementor-toggle-item\">\n\t\t\t\t\t<div id=\"elementor-tab-title-1955\" class=\"elementor-tab-title\" data-tab=\"5\" role=\"button\" aria-controls=\"elementor-tab-content-1955\" aria-expanded=\"false\">\n\t\t\t\t\t\t\t\t\t\t\t\t<span class=\"elementor-toggle-icon elementor-toggle-icon-left\" aria-hidden=\"true\">\n\t\t\t\t\t\t\t\t\t\t\t\t\t\t\t<span class=\"elementor-toggle-icon-closed\"><i class=\"fas fa-caret-right\"><\/i><\/span>\n\t\t\t\t\t\t\t\t<span class=\"elementor-toggle-icon-opened\"><i class=\"elementor-toggle-icon-opened fas fa-caret-up\"><\/i><\/span>\n\t\t\t\t\t\t\t\t\t\t\t\t\t<\/span>\n\t\t\t\t\t\t\t\t\t\t\t\t<a class=\"elementor-toggle-title\" tabindex=\"0\">Risikomanagement<\/a>\n\t\t\t\t\t<\/div>\n\n\t\t\t\t\t<div id=\"elementor-tab-content-1955\" class=\"elementor-tab-content elementor-clearfix\" data-tab=\"5\" role=\"region\" aria-labelledby=\"elementor-tab-title-1955\"><p><span data-slate-fragment=\"JTVCJTdCJTIydHlwZSUyMiUzQSUyMnVsJTIyJTJDJTIyc3RhcnQlMjIlM0FudWxsJTJDJTIyY2hpbGRyZW4lMjIlM0ElNUIlN0IlMjJ0eXBlJTIyJTNBJTIybGklMjIlMkMlMjJjaGlsZHJlbiUyMiUzQSU1QiU3QiUyMnR5cGUlMjIlM0ElMjJsaWMlMjIlMkMlMjJjaGlsZHJlbiUyMiUzQSU1QiU3QiUyMnRleHQlMjIlM0ElMjJXaXIlMjBhbmFseXNpZXJlbiUyMHBvdGVuemllbGxlJTIwUmlzaWtlbiUyMGYlQzMlQkNyJTIwSWhyJTIwVmVybSVDMyVCNmdlbiUyMHVuZCUyMGVudHdpY2tlbG4lMjBTdHJhdGVnaWVuJTIwenVyJTIwTWluaW1pZXJ1bmclMjBkaWVzZXIlMjBSaXNpa2VuLiUyMiU3RCU1RCUyQyUyMmlkJTIyJTNBJTIyNmNuNHQlMjIlN0QlNUQlMkMlMjJpZCUyMiUzQSUyMnJuM2J1JTIyJTdEJTVEJTJDJTIyaWQlMjIlM0ElMjIxbncybiUyMiU3RCU1RA==\">Wir analysieren potenzielle Risiken f\u00fcr dein Verm\u00f6gen und entwickeln Strategien zur Minimierung dieser Risiken.<\/span><\/p><\/div>\n\t\t\t\t<\/div>\n\t\t\t\t\t\t\t\t<\/div>\t\t\t\t<\/div>\n\t\t\t\t<\/div>\n\t\t\t\t\t<\/div>\n\t\t<\/div>\n\t\t\t\t\t<\/div>\n\t\t<\/section>\n\t\t\t\t<section class=\"elementor-section elementor-top-section elementor-element elementor-element-9d045b0 elementor-section-boxed elementor-section-height-default elementor-section-height-default elementor-invisible\" data-id=\"9d045b0\" data-element_type=\"section\" data-e-type=\"section\" data-settings=\"{&quot;animation&quot;:&quot;fadeIn&quot;,&quot;background_background&quot;:&quot;classic&quot;}\">\n\t\t\t\t\t\t<div class=\"elementor-container elementor-column-gap-default\">\n\t\t\t\t\t<div class=\"elementor-column elementor-col-100 elementor-top-column elementor-element elementor-element-750d059\" data-id=\"750d059\" data-element_type=\"column\" data-e-type=\"column\">\n\t\t\t<div class=\"elementor-widget-wrap elementor-element-populated\">\n\t\t\t\t\t\t<div class=\"elementor-element elementor-element-3a02d9a elementor-vertical-align-middle elementor-widget elementor-widget-image-box\" data-id=\"3a02d9a\" data-element_type=\"widget\" data-e-type=\"widget\" data-widget_type=\"image-box.default\">\n\t\t\t\t<div class=\"elementor-widget-container\">\n\t\t\t\t\t<div class=\"elementor-image-box-wrapper\"><div class=\"elementor-image-box-content\"><h2 class=\"elementor-image-box-title\">Du hast noch Fragen? <\/h2><p class=\"elementor-image-box-description\">Dann kontaktiere uns gerne - wir freuen uns auf deine Anfrage. <br><br>\n\nSorge jetzt f\u00fcr deine Zukunft vor!<\/p><\/div><\/div>\t\t\t\t<\/div>\n\t\t\t\t<\/div>\n\t\t\t\t<div class=\"elementor-element elementor-element-98b929a elementor-align-center elementor-widget__width-initial elementor-widget-mobile__width-auto elementor-widget elementor-widget-button\" data-id=\"98b929a\" data-element_type=\"widget\" data-e-type=\"widget\" data-widget_type=\"button.default\">\n\t\t\t\t<div class=\"elementor-widget-container\">\n\t\t\t\t\t<div class=\"elementor-button-wrapper\">\n\t\t\t\t\t<a class=\"elementor-button elementor-button-link elementor-size-sm\" href=\"\/kontakt\">\n\t\t\t\t\t\t<span class=\"elementor-button-content-wrapper\">\n\t\t\t\t\t\t<span class=\"elementor-button-icon\">\n\t\t\t\t<i aria-hidden=\"true\" class=\"fas fa-mail-bulk\"><\/i>\t\t\t<\/span>\n\t\t\t\t\t\t\t\t\t<span class=\"elementor-button-text\">Kontaktiere uns<\/span>\n\t\t\t\t\t<\/span>\n\t\t\t\t\t<\/a>\n\t\t\t\t<\/div>\t\t\t\t<\/div>\n\t\t\t\t<\/div>\n\t\t\t\t\t<\/div>\n\t\t<\/div>\n\t\t\t\t\t<\/div>\n\t\t<\/section>\n\t\t\t\t<\/div>","protected":false},"excerpt":{"rendered":"<p>Finanzberatung in Laatzen Wir sind ein engagiertes Team von erfahrenen Finanzberatern, die sich leidenschaftlich f\u00fcr die Verbesserung deiner finanziellen Zukunft einsetzen. Unser Ziel ist es, dir dabei zu helfen, deine finanziellen Ziele zu erreichen und gleichzeitig ein solides Fundament f\u00fcr langfristigen Wohlstand und Sicherheit aufzubauen. Unser Beratungsansatz basiert auf einer ganzheitlichen Betrachtung deiner finanziellen Situation [&hellip;]<\/p>\n","protected":false},"author":2,"featured_media":0,"parent":0,"menu_order":0,"comment_status":"closed","ping_status":"closed","template":"","meta":{"footnotes":""},"class_list":["post-723","page","type-page","status-publish","hentry"],"yoast_head":"<!-- This site is optimized with the Yoast SEO plugin v27.4 - https:\/\/yoast.com\/product\/yoast-seo-wordpress\/ -->\n<title>Finanzberatung - WordPress<\/title>\n<meta name=\"description\" content=\"Finanzberatung in Laatzen - Wir setzen uns leidenschaftlich f\u00fcr die Verbesserung deiner finanziellen Zukunft ein. Jetzt anrufen!\" \/>\n<meta name=\"robots\" content=\"index, follow, max-snippet:-1, max-image-preview:large, max-video-preview:-1\" \/>\n<link rel=\"canonical\" href=\"https:\/\/wegele-immobilien.de\/fr\/finanzberatung\/\" \/>\n<meta property=\"og:locale\" content=\"fr_FR\" \/>\n<meta property=\"og:type\" content=\"article\" \/>\n<meta property=\"og:title\" content=\"Finanzberatung - WordPress\" \/>\n<meta property=\"og:description\" content=\"Finanzberatung in Laatzen - Wir setzen uns leidenschaftlich f\u00fcr die Verbesserung deiner finanziellen Zukunft ein. Jetzt anrufen!\" \/>\n<meta property=\"og:url\" content=\"https:\/\/wegele-immobilien.de\/fr\/finanzberatung\/\" \/>\n<meta property=\"og:site_name\" content=\"WordPress\" \/>\n<meta property=\"article:modified_time\" content=\"2023-05-15T14:14:37+00:00\" \/>\n<meta name=\"twitter:card\" content=\"summary_large_image\" \/>\n<meta name=\"twitter:label1\" content=\"Dur\u00e9e de lecture estim\u00e9e\" \/>\n\t<meta name=\"twitter:data1\" content=\"2 minutes\" \/>\n<script type=\"application\/ld+json\" class=\"yoast-schema-graph\">{\"@context\":\"https:\\\/\\\/schema.org\",\"@graph\":[{\"@type\":\"WebPage\",\"@id\":\"https:\\\/\\\/wegele-immobilien.de\\\/finanzberatung\",\"url\":\"https:\\\/\\\/wegele-immobilien.de\\\/finanzberatung\",\"name\":\"Finanzberatung - WordPress\",\"isPartOf\":{\"@id\":\"https:\\\/\\\/wegele-immobilien.de\\\/#website\"},\"datePublished\":\"2022-02-16T12:38:24+00:00\",\"dateModified\":\"2023-05-15T14:14:37+00:00\",\"description\":\"Finanzberatung in Laatzen - Wir setzen uns leidenschaftlich f\u00fcr die Verbesserung deiner finanziellen Zukunft ein. Jetzt anrufen!\",\"breadcrumb\":{\"@id\":\"https:\\\/\\\/wegele-immobilien.de\\\/finanzberatung#breadcrumb\"},\"inLanguage\":\"fr-FR\",\"potentialAction\":[{\"@type\":\"ReadAction\",\"target\":[\"https:\\\/\\\/wegele-immobilien.de\\\/finanzberatung\"]}]},{\"@type\":\"BreadcrumbList\",\"@id\":\"https:\\\/\\\/wegele-immobilien.de\\\/finanzberatung#breadcrumb\",\"itemListElement\":[{\"@type\":\"ListItem\",\"position\":1,\"name\":\"Startseite\",\"item\":\"https:\\\/\\\/wegele-immobilien.de\\\/\"},{\"@type\":\"ListItem\",\"position\":2,\"name\":\"Finanzberatung\"}]},{\"@type\":\"WebSite\",\"@id\":\"https:\\\/\\\/wegele-immobilien.de\\\/#website\",\"url\":\"https:\\\/\\\/wegele-immobilien.de\\\/\",\"name\":\"WordPress\",\"description\":\"Just another WordPress site\",\"publisher\":{\"@id\":\"https:\\\/\\\/wegele-immobilien.de\\\/#organization\"},\"potentialAction\":[{\"@type\":\"SearchAction\",\"target\":{\"@type\":\"EntryPoint\",\"urlTemplate\":\"https:\\\/\\\/wegele-immobilien.de\\\/?s={search_term_string}\"},\"query-input\":{\"@type\":\"PropertyValueSpecification\",\"valueRequired\":true,\"valueName\":\"search_term_string\"}}],\"inLanguage\":\"fr-FR\"},{\"@type\":\"Organization\",\"@id\":\"https:\\\/\\\/wegele-immobilien.de\\\/#organization\",\"name\":\"WordPress\",\"url\":\"https:\\\/\\\/wegele-immobilien.de\\\/\",\"logo\":{\"@type\":\"ImageObject\",\"inLanguage\":\"fr-FR\",\"@id\":\"https:\\\/\\\/wegele-immobilien.de\\\/#\\\/schema\\\/logo\\\/image\\\/\",\"url\":\"https:\\\/\\\/wegele-immobilien.de\\\/wp-content\\\/uploads\\\/Logo_-1.png\",\"contentUrl\":\"https:\\\/\\\/wegele-immobilien.de\\\/wp-content\\\/uploads\\\/Logo_-1.png\",\"width\":2911,\"height\":1220,\"caption\":\"WordPress\"},\"image\":{\"@id\":\"https:\\\/\\\/wegele-immobilien.de\\\/#\\\/schema\\\/logo\\\/image\\\/\"}}]}<\/script>\n<!-- \/ Yoast SEO plugin. -->","yoast_head_json":{"title":"Finanzberatung - WordPress","description":"Finanzberatung in Laatzen - Wir setzen uns leidenschaftlich f\u00fcr die Verbesserung deiner finanziellen Zukunft ein. Jetzt anrufen!","robots":{"index":"index","follow":"follow","max-snippet":"max-snippet:-1","max-image-preview":"max-image-preview:large","max-video-preview":"max-video-preview:-1"},"canonical":"https:\/\/wegele-immobilien.de\/fr\/finanzberatung\/","og_locale":"fr_FR","og_type":"article","og_title":"Finanzberatung - WordPress","og_description":"Finanzberatung in Laatzen - Wir setzen uns leidenschaftlich f\u00fcr die Verbesserung deiner finanziellen Zukunft ein. Jetzt anrufen!","og_url":"https:\/\/wegele-immobilien.de\/fr\/finanzberatung\/","og_site_name":"WordPress","article_modified_time":"2023-05-15T14:14:37+00:00","twitter_card":"summary_large_image","twitter_misc":{"Dur\u00e9e de lecture estim\u00e9e":"2 minutes"},"schema":{"@context":"https:\/\/schema.org","@graph":[{"@type":"WebPage","@id":"https:\/\/wegele-immobilien.de\/finanzberatung","url":"https:\/\/wegele-immobilien.de\/finanzberatung","name":"Finanzberatung - WordPress","isPartOf":{"@id":"https:\/\/wegele-immobilien.de\/#website"},"datePublished":"2022-02-16T12:38:24+00:00","dateModified":"2023-05-15T14:14:37+00:00","description":"Finanzberatung in Laatzen - Wir setzen uns leidenschaftlich f\u00fcr die Verbesserung deiner finanziellen Zukunft ein. Jetzt anrufen!","breadcrumb":{"@id":"https:\/\/wegele-immobilien.de\/finanzberatung#breadcrumb"},"inLanguage":"fr-FR","potentialAction":[{"@type":"ReadAction","target":["https:\/\/wegele-immobilien.de\/finanzberatung"]}]},{"@type":"BreadcrumbList","@id":"https:\/\/wegele-immobilien.de\/finanzberatung#breadcrumb","itemListElement":[{"@type":"ListItem","position":1,"name":"Startseite","item":"https:\/\/wegele-immobilien.de\/"},{"@type":"ListItem","position":2,"name":"Finanzberatung"}]},{"@type":"WebSite","@id":"https:\/\/wegele-immobilien.de\/#website","url":"https:\/\/wegele-immobilien.de\/","name":"WordPress","description":"Just another WordPress site","publisher":{"@id":"https:\/\/wegele-immobilien.de\/#organization"},"potentialAction":[{"@type":"SearchAction","target":{"@type":"EntryPoint","urlTemplate":"https:\/\/wegele-immobilien.de\/?s={search_term_string}"},"query-input":{"@type":"PropertyValueSpecification","valueRequired":true,"valueName":"search_term_string"}}],"inLanguage":"fr-FR"},{"@type":"Organization","@id":"https:\/\/wegele-immobilien.de\/#organization","name":"WordPress","url":"https:\/\/wegele-immobilien.de\/","logo":{"@type":"ImageObject","inLanguage":"fr-FR","@id":"https:\/\/wegele-immobilien.de\/#\/schema\/logo\/image\/","url":"https:\/\/wegele-immobilien.de\/wp-content\/uploads\/Logo_-1.png","contentUrl":"https:\/\/wegele-immobilien.de\/wp-content\/uploads\/Logo_-1.png","width":2911,"height":1220,"caption":"WordPress"},"image":{"@id":"https:\/\/wegele-immobilien.de\/#\/schema\/logo\/image\/"}}]}},"_links":{"self":[{"href":"https:\/\/wegele-immobilien.de\/fr\/wp-json\/wp\/v2\/pages\/723","targetHints":{"allow":["GET"]}}],"collection":[{"href":"https:\/\/wegele-immobilien.de\/fr\/wp-json\/wp\/v2\/pages"}],"about":[{"href":"https:\/\/wegele-immobilien.de\/fr\/wp-json\/wp\/v2\/types\/page"}],"author":[{"embeddable":true,"href":"https:\/\/wegele-immobilien.de\/fr\/wp-json\/wp\/v2\/users\/2"}],"replies":[{"embeddable":true,"href":"https:\/\/wegele-immobilien.de\/fr\/wp-json\/wp\/v2\/comments?post=723"}],"version-history":[{"count":0,"href":"https:\/\/wegele-immobilien.de\/fr\/wp-json\/wp\/v2\/pages\/723\/revisions"}],"wp:attachment":[{"href":"https:\/\/wegele-immobilien.de\/fr\/wp-json\/wp\/v2\/media?parent=723"}],"curies":[{"name":"wp","href":"https:\/\/api.w.org\/{rel}","templated":true}]}}